{"id":4590,"date":"2025-10-15T12:03:15","date_gmt":"2025-10-15T09:03:15","guid":{"rendered":"https:\/\/ekitap.atauni.edu.tr\/?post_type=product&#038;p=4590"},"modified":"2025-10-15T12:04:13","modified_gmt":"2025-10-15T09:04:13","slug":"sosyal-bilimler-alanindaki-meslek-dallarinda-egitim-istihdam-ve-meslek-etigi-1-uluslararasi-sempozyumu-tam-metin-bildiri-kitabi-15-mayis-2025-erzurum","status":"publish","type":"product","link":"https:\/\/ekitap.atauni.edu.tr\/index.php\/product\/sosyal-bilimler-alanindaki-meslek-dallarinda-egitim-istihdam-ve-meslek-etigi-1-uluslararasi-sempozyumu-tam-metin-bildiri-kitabi-15-mayis-2025-erzurum\/","title":{"rendered":"Sosyal Bilimler Alan\u0131ndaki Meslek Dallar\u0131nda E\u011fitim, \u0130stihdam ve Meslek Eti\u011fi 1. Uluslararas\u0131 Sempozyumu Tam Metin Bildiri Kitab\u0131 15 May\u0131s 2025, Erzurum"},"content":{"rendered":" <img src='https:\/\/ekitap.atauni.edu.tr\/wp-content\/plugins\/dp-post-views\/images\/eyes.png' class='dppv_eyes' width='100' height='100'> 925","protected":false},"excerpt":{"rendered":"<p class=\"p1\"><b>Edit\u00f6rler:<\/b><\/p>\n<div class=\"page\" title=\"Page 1\">\n<div class=\"layoutArea\">\n<div class=\"column\">\n<div class=\"page\" title=\"Page 3\">\n<div class=\"layoutArea\">\n<div class=\"column\">\n<div class=\"page\" title=\"Page 1\">\n<div class=\"layoutArea\">\n<div class=\"column\">\n<p>Prof. Dr. Mizrap Polat<\/p>\n<p>Doc\u0327. Dr. O\u0308zlem Topcuog\u0306lu<\/p>\n<p>Dr. O\u0308g\u0306r. Go\u0308r. Su\u0308meyye Bilgiz Akbay\u0131r<\/p>\n<p>Dr. O\u0308g\u0306r. Go\u0308r. Halil Go\u0308khan Tas\u0327<\/p>\n<p>O\u0308g\u0306r. Go\u0308r. Ahmet Lu\u0308tfu\u0308 Berkli<\/p>\n<\/div>\n<\/div>\n<\/div>\n<\/div>\n<\/div>\n<\/div>\n<\/div>\n<\/div>\n<\/div>\n<p class=\"p1\">Atat\u00fcrk \u00dcniversitesi Yay\u0131nlar\u0131 No: 1416<\/p>\n<p><span style=\"vertical-align: inherit;\">T\u00fcrk\u00e7e: ISBN : <\/span>978-625-6983-72-4<\/p>\n<p>Yay\u0131n Yeri ve Y\u0131l\u0131: Erzurum, 2025<\/p>\n<p>Sayfa Say\u0131s\u0131: 472<\/p>\n<p><a class=\"vc_btn3 vc_btn3-shape-default btn btn-borders btn-md btn-dark\" href=\"https:\/\/ekitap.atauni.edu.tr\/index.php\/sosyal-bilimler-alanindaki-meslek-dallarinda-egitim-istihdam-ve-meslek-etigi-1-uluslararasi-sempozyumu-tam-metin-bildiri-kitabi-15-mayis-2025-erzurum\/\" target=\"_blank\" rel=\"noopener noreferrer\">Kitab\u0131 Oku<\/a><\/p>\n","protected":false},"featured_media":4588,"template":"","meta":[],"product_brand":[],"product_cat":[94],"product_tag":[],"class_list":{"0":"post-4590","1":"product","2":"type-product","3":"status-publish","4":"has-post-thumbnail","6":"product_cat-4-sosyal-bilimler","8":"first","9":"instock","10":"shipping-taxable","11":"product-type-simple"},"_links":{"self":[{"href":"https:\/\/ekitap.atauni.edu.tr\/index.php\/wp-json\/wp\/v2\/product\/4590","targetHints":{"allow":["GET"]}}],"collection":[{"href":"https:\/\/ekitap.atauni.edu.tr\/index.php\/wp-json\/wp\/v2\/product"}],"about":[{"href":"https:\/\/ekitap.atauni.edu.tr\/index.php\/wp-json\/wp\/v2\/types\/product"}],"wp:featuredmedia":[{"embeddable":true,"href":"https:\/\/ekitap.atauni.edu.tr\/index.php\/wp-json\/wp\/v2\/media\/4588"}],"wp:attachment":[{"href":"https:\/\/ekitap.atauni.edu.tr\/index.php\/wp-json\/wp\/v2\/media?parent=4590"}],"wp:term":[{"taxonomy":"product_brand","embeddable":true,"href":"https:\/\/ekitap.atauni.edu.tr\/index.php\/wp-json\/wp\/v2\/product_brand?post=4590"},{"taxonomy":"product_cat","embeddable":true,"href":"https:\/\/ekitap.atauni.edu.tr\/index.php\/wp-json\/wp\/v2\/product_cat?post=4590"},{"taxonomy":"product_tag","embeddable":true,"href":"https:\/\/ekitap.atauni.edu.tr\/index.php\/wp-json\/wp\/v2\/product_tag?post=4590"}],"curies":[{"name":"wp","href":"https:\/\/api.w.org\/{rel}","templated":true}]}}