{"id":4552,"date":"2025-06-11T15:23:28","date_gmt":"2025-06-11T12:23:28","guid":{"rendered":"https:\/\/ekitap.atauni.edu.tr\/?post_type=product&#038;p=4552"},"modified":"2025-06-11T15:24:46","modified_gmt":"2025-06-11T12:24:46","slug":"disney-medyasinda-kisilerarasi-iletisim-transaksiyonel-bir-yaklasim","status":"publish","type":"product","link":"https:\/\/ekitap.atauni.edu.tr\/index.php\/product\/disney-medyasinda-kisilerarasi-iletisim-transaksiyonel-bir-yaklasim\/","title":{"rendered":"Disney Medyas\u0131nda Ki\u015fileraras\u0131 \u0130leti\u015fim Transaksiyonel Bir Yakla\u015f\u0131m"},"content":{"rendered":" <img src='https:\/\/ekitap.atauni.edu.tr\/wp-content\/plugins\/dp-post-views\/images\/eyes.png' class='dppv_eyes' width='100' height='100'> 1003","protected":false},"excerpt":{"rendered":"<p class=\"p1\"><b>Yazar:<\/b><\/p>\n<div class=\"page\" title=\"Page 1\">\n<div class=\"layoutArea\">\n<div class=\"column\">\n<p>Dr. Selin AKINC\u0327 AKPINAR<\/p>\n<\/div>\n<\/div>\n<\/div>\n<p class=\"p1\">Atat\u00fcrk \u00dcniversitesi Yay\u0131nlar\u0131 No: 1410<\/p>\n<p><span style=\"vertical-align: inherit;\">T\u00fcrk\u00e7e: ISBN : <\/span>978-625-6983-66-3<\/p>\n<p>Yay\u0131n Yeri ve Y\u0131l\u0131: Erzurum, 2025<\/p>\n<p>Sayfa Say\u0131s\u0131: 166<\/p>\n<p><a class=\"vc_btn3 vc_btn3-shape-default btn btn-borders btn-md btn-dark\" href=\"https:\/\/ekitap.atauni.edu.tr\/index.php\/disney-medyasinda-kisilerarasi-iletisim-transaksiyonel-bir-yaklasim-2\/\" target=\"_blank\" rel=\"noopener noreferrer\">Kitab\u0131 Oku<\/a><\/p>\n","protected":false},"featured_media":4551,"template":"","meta":[],"product_brand":[],"product_cat":[94],"product_tag":[],"class_list":{"0":"post-4552","1":"product","2":"type-product","3":"status-publish","4":"has-post-thumbnail","6":"product_cat-4-sosyal-bilimler","8":"first","9":"instock","10":"shipping-taxable","11":"product-type-simple"},"_links":{"self":[{"href":"https:\/\/ekitap.atauni.edu.tr\/index.php\/wp-json\/wp\/v2\/product\/4552","targetHints":{"allow":["GET"]}}],"collection":[{"href":"https:\/\/ekitap.atauni.edu.tr\/index.php\/wp-json\/wp\/v2\/product"}],"about":[{"href":"https:\/\/ekitap.atauni.edu.tr\/index.php\/wp-json\/wp\/v2\/types\/product"}],"wp:featuredmedia":[{"embeddable":true,"href":"https:\/\/ekitap.atauni.edu.tr\/index.php\/wp-json\/wp\/v2\/media\/4551"}],"wp:attachment":[{"href":"https:\/\/ekitap.atauni.edu.tr\/index.php\/wp-json\/wp\/v2\/media?parent=4552"}],"wp:term":[{"taxonomy":"product_brand","embeddable":true,"href":"https:\/\/ekitap.atauni.edu.tr\/index.php\/wp-json\/wp\/v2\/product_brand?post=4552"},{"taxonomy":"product_cat","embeddable":true,"href":"https:\/\/ekitap.atauni.edu.tr\/index.php\/wp-json\/wp\/v2\/product_cat?post=4552"},{"taxonomy":"product_tag","embeddable":true,"href":"https:\/\/ekitap.atauni.edu.tr\/index.php\/wp-json\/wp\/v2\/product_tag?post=4552"}],"curies":[{"name":"wp","href":"https:\/\/api.w.org\/{rel}","templated":true}]}}