{"id":4533,"date":"2025-04-22T11:25:06","date_gmt":"2025-04-22T08:25:06","guid":{"rendered":"https:\/\/ekitap.atauni.edu.tr\/?post_type=product&#038;p=4533"},"modified":"2025-04-22T11:26:17","modified_gmt":"2025-04-22T08:26:17","slug":"saglik-kurumlarinda-maliyet-muhasebesi-ve-uygulamasi","status":"publish","type":"product","link":"https:\/\/ekitap.atauni.edu.tr\/index.php\/product\/saglik-kurumlarinda-maliyet-muhasebesi-ve-uygulamasi\/","title":{"rendered":"Sa\u011fl\u0131k Kurumlar\u0131nda Maliyet Muhasebesi ve Uygulamas\u0131"},"content":{"rendered":" <img src='https:\/\/ekitap.atauni.edu.tr\/wp-content\/plugins\/dp-post-views\/images\/eyes.png' class='dppv_eyes' width='100' height='100'> 1479","protected":false},"excerpt":{"rendered":"<p class=\"p1\"><b>Yazar:<\/b><\/p>\n<p class=\"p1\">Dr. \u00d6\u011fr. \u00dcyesi Abdulkadir ALBEZ<\/p>\n<p class=\"p1\">Atat\u00fcrk \u00dcniversitesi Yay\u0131nlar\u0131 No: 1406<\/p>\n<p><span style=\"vertical-align: inherit;\">T\u00fcrk\u00e7e: ISBN : <\/span><span style=\"vertical-align: inherit;\">978-625-6983-63-5<\/span><\/p>\n<p>Yay\u0131n Yeri ve Y\u0131l\u0131: Erzurum, 2025<\/p>\n<p>Sayfa Say\u0131s\u0131: 84<\/p>\n<p><a class=\"vc_btn3 vc_btn3-shape-default btn btn-borders btn-md btn-dark\" href=\"https:\/\/ekitap.atauni.edu.tr\/index.php\/saglik-kurumlarinda-maliyet-muhasebesi-ve-uygulamasi\/\" target=\"_blank\" rel=\"noopener noreferrer\">Kitab\u0131 Oku<\/a><\/p>\n","protected":false},"featured_media":4532,"template":"","meta":[],"product_brand":[],"product_cat":[94],"product_tag":[],"class_list":{"0":"post-4533","1":"product","2":"type-product","3":"status-publish","4":"has-post-thumbnail","6":"product_cat-4-sosyal-bilimler","8":"first","9":"instock","10":"shipping-taxable","11":"product-type-simple"},"_links":{"self":[{"href":"https:\/\/ekitap.atauni.edu.tr\/index.php\/wp-json\/wp\/v2\/product\/4533","targetHints":{"allow":["GET"]}}],"collection":[{"href":"https:\/\/ekitap.atauni.edu.tr\/index.php\/wp-json\/wp\/v2\/product"}],"about":[{"href":"https:\/\/ekitap.atauni.edu.tr\/index.php\/wp-json\/wp\/v2\/types\/product"}],"wp:featuredmedia":[{"embeddable":true,"href":"https:\/\/ekitap.atauni.edu.tr\/index.php\/wp-json\/wp\/v2\/media\/4532"}],"wp:attachment":[{"href":"https:\/\/ekitap.atauni.edu.tr\/index.php\/wp-json\/wp\/v2\/media?parent=4533"}],"wp:term":[{"taxonomy":"product_brand","embeddable":true,"href":"https:\/\/ekitap.atauni.edu.tr\/index.php\/wp-json\/wp\/v2\/product_brand?post=4533"},{"taxonomy":"product_cat","embeddable":true,"href":"https:\/\/ekitap.atauni.edu.tr\/index.php\/wp-json\/wp\/v2\/product_cat?post=4533"},{"taxonomy":"product_tag","embeddable":true,"href":"https:\/\/ekitap.atauni.edu.tr\/index.php\/wp-json\/wp\/v2\/product_tag?post=4533"}],"curies":[{"name":"wp","href":"https:\/\/api.w.org\/{rel}","templated":true}]}}