{"id":4523,"date":"2025-02-24T12:51:57","date_gmt":"2025-02-24T09:51:57","guid":{"rendered":"https:\/\/ekitap.atauni.edu.tr\/?post_type=product&#038;p=4523"},"modified":"2025-02-24T12:53:05","modified_gmt":"2025-02-24T09:53:05","slug":"son-asir-mutasavvif-sairlerden-omer-necminin-kaside-i-elfiyye-ve-tuhfe-i-vahdet-manzumeleri-inceleme-metin","status":"publish","type":"product","link":"https:\/\/ekitap.atauni.edu.tr\/index.php\/product\/son-asir-mutasavvif-sairlerden-omer-necminin-kaside-i-elfiyye-ve-tuhfe-i-vahdet-manzumeleri-inceleme-metin\/","title":{"rendered":"Son As\u0131r Mutasavv\u0131f \u015eairlerden \u00d6mer Necm\u00ee\u2019nin Kas\u00eede-i Elfiyye ve Tuhfe-i Vahdet Manz\u00fbmeleri (\u0130nceleme-Metin)"},"content":{"rendered":" <img src='https:\/\/ekitap.atauni.edu.tr\/wp-content\/plugins\/dp-post-views\/images\/eyes.png' class='dppv_eyes' width='100' height='100'> 1184","protected":false},"excerpt":{"rendered":"<p class=\"p1\"><b>Yazarlar<\/b><\/p>\n<p class=\"p1\">Prof. Dr. Mehmet G\u00d6KTA\u015e<\/p>\n<p class=\"p1\">Dr. \u00d6\u011fr. \u00dcyesi Mehmet \u00d6ZT\u00dcRK<\/p>\n<p class=\"p1\">Atat\u00fcrk \u00dcniversitesi Yay\u0131nlar\u0131 No: 1404<\/p>\n<p><span style=\"vertical-align: inherit;\">T\u00fcrk\u00e7e: ISBN : <\/span>978-625-6983-60-1<\/p>\n<p>Yay\u0131n Yeri ve Y\u0131l\u0131: Erzurum, 2025<\/p>\n<p>Sayfa Say\u0131s\u0131: 180<\/p>\n<p><a class=\"vc_btn3 vc_btn3-shape-default btn btn-borders btn-md btn-dark\" href=\"https:\/\/ekitap.atauni.edu.tr\/index.php\/son-asir-mutasavvif-sairlerden-omer-necminin-kaside-i-elfiyye-ve-tuhfe-i-vahdet-manzumeleri-inceleme-metin\/\" target=\"_blank\" rel=\"noopener noreferrer\">Kitab\u0131 Oku<\/a><\/p>\n","protected":false},"featured_media":4520,"template":"","meta":[],"product_brand":[],"product_cat":[94],"product_tag":[],"class_list":{"0":"post-4523","1":"product","2":"type-product","3":"status-publish","4":"has-post-thumbnail","6":"product_cat-4-sosyal-bilimler","8":"first","9":"instock","10":"shipping-taxable","11":"product-type-simple"},"_links":{"self":[{"href":"https:\/\/ekitap.atauni.edu.tr\/index.php\/wp-json\/wp\/v2\/product\/4523","targetHints":{"allow":["GET"]}}],"collection":[{"href":"https:\/\/ekitap.atauni.edu.tr\/index.php\/wp-json\/wp\/v2\/product"}],"about":[{"href":"https:\/\/ekitap.atauni.edu.tr\/index.php\/wp-json\/wp\/v2\/types\/product"}],"wp:featuredmedia":[{"embeddable":true,"href":"https:\/\/ekitap.atauni.edu.tr\/index.php\/wp-json\/wp\/v2\/media\/4520"}],"wp:attachment":[{"href":"https:\/\/ekitap.atauni.edu.tr\/index.php\/wp-json\/wp\/v2\/media?parent=4523"}],"wp:term":[{"taxonomy":"product_brand","embeddable":true,"href":"https:\/\/ekitap.atauni.edu.tr\/index.php\/wp-json\/wp\/v2\/product_brand?post=4523"},{"taxonomy":"product_cat","embeddable":true,"href":"https:\/\/ekitap.atauni.edu.tr\/index.php\/wp-json\/wp\/v2\/product_cat?post=4523"},{"taxonomy":"product_tag","embeddable":true,"href":"https:\/\/ekitap.atauni.edu.tr\/index.php\/wp-json\/wp\/v2\/product_tag?post=4523"}],"curies":[{"name":"wp","href":"https:\/\/api.w.org\/{rel}","templated":true}]}}