{"id":4479,"date":"2025-01-29T13:39:16","date_gmt":"2025-01-29T10:39:16","guid":{"rendered":"https:\/\/ekitap.atauni.edu.tr\/?post_type=product&#038;p=4479"},"modified":"2025-02-07T10:57:39","modified_gmt":"2025-02-07T07:57:39","slug":"ataturk-universitesi-arkeoloji-bolumu-50-yil-ani-kitabi","status":"publish","type":"product","link":"https:\/\/ekitap.atauni.edu.tr\/index.php\/product\/ataturk-universitesi-arkeoloji-bolumu-50-yil-ani-kitabi\/","title":{"rendered":"Atatu\u0308rk U\u0308niversitesi Arkeoloji Bo\u0308lu\u0308mu\u0308 50. Y\u0131l An\u0131 Kitab\u0131"},"content":{"rendered":" <img src='https:\/\/ekitap.atauni.edu.tr\/wp-content\/plugins\/dp-post-views\/images\/eyes.png' class='dppv_eyes' width='100' height='100'> 1803","protected":false},"excerpt":{"rendered":"<p class=\"p1\"><b>Edit\u00f6rler:<\/b><\/p>\n<p class=\"p1\">Edit\u00f6rlerDo\u00e7. Dr. Rabia AKARSU<\/p>\n<p class=\"p1\">Dr. \u00d6\u011fr . \u00dcyesi Ahmet Cuneydi HAS<\/p>\n<p class=\"p1\">Ar\u015f. G\u00f6r. K\u00fcbra YAZAR<\/p>\n<p class=\"p1\">Atat\u00fcrk \u00dcniversitesi Yay\u0131nlar\u0131 No: 1403<\/p>\n<p><span style=\"vertical-align: inherit;\">T\u00fcrk\u00e7e: ISBN : 978-625-6983-59-5<\/span><\/p>\n<p>Yay\u0131n Yeri ve Y\u0131l\u0131: Erzurum, 2025<\/p>\n<p>Sayfa Say\u0131s\u0131: 328<\/p>\n<p><a class=\"vc_btn3 vc_btn3-shape-default btn btn-borders btn-md btn-dark\" href=\"https:\/\/ekitap.atauni.edu.tr\/index.php\/ataturk-universitesi-arkeoloji-bolumu-50-yil-ani-kitabi-2\/\" target=\"_blank\" rel=\"noopener noreferrer\">Kitab\u0131 Oku<\/a><\/p>\n","protected":false},"featured_media":4476,"template":"","meta":[],"product_brand":[],"product_cat":[94],"product_tag":[],"class_list":{"0":"post-4479","1":"product","2":"type-product","3":"status-publish","4":"has-post-thumbnail","6":"product_cat-4-sosyal-bilimler","8":"first","9":"instock","10":"shipping-taxable","11":"product-type-simple"},"_links":{"self":[{"href":"https:\/\/ekitap.atauni.edu.tr\/index.php\/wp-json\/wp\/v2\/product\/4479","targetHints":{"allow":["GET"]}}],"collection":[{"href":"https:\/\/ekitap.atauni.edu.tr\/index.php\/wp-json\/wp\/v2\/product"}],"about":[{"href":"https:\/\/ekitap.atauni.edu.tr\/index.php\/wp-json\/wp\/v2\/types\/product"}],"wp:featuredmedia":[{"embeddable":true,"href":"https:\/\/ekitap.atauni.edu.tr\/index.php\/wp-json\/wp\/v2\/media\/4476"}],"wp:attachment":[{"href":"https:\/\/ekitap.atauni.edu.tr\/index.php\/wp-json\/wp\/v2\/media?parent=4479"}],"wp:term":[{"taxonomy":"product_brand","embeddable":true,"href":"https:\/\/ekitap.atauni.edu.tr\/index.php\/wp-json\/wp\/v2\/product_brand?post=4479"},{"taxonomy":"product_cat","embeddable":true,"href":"https:\/\/ekitap.atauni.edu.tr\/index.php\/wp-json\/wp\/v2\/product_cat?post=4479"},{"taxonomy":"product_tag","embeddable":true,"href":"https:\/\/ekitap.atauni.edu.tr\/index.php\/wp-json\/wp\/v2\/product_tag?post=4479"}],"curies":[{"name":"wp","href":"https:\/\/api.w.org\/{rel}","templated":true}]}}