{"id":4461,"date":"2024-10-11T15:45:25","date_gmt":"2024-10-11T12:45:25","guid":{"rendered":"https:\/\/ekitap.atauni.edu.tr\/?post_type=product&#038;p=4461"},"modified":"2024-10-11T17:55:58","modified_gmt":"2024-10-11T14:55:58","slug":"cumhuriyetin-100-yilinda-ulusal-bitki-besleme-ve-gubre-yonetimi-bitki-beslemede-yeni-paradigmalar-yeni-nesil-urunler-ve-teknolojiler-sempozyumu","status":"publish","type":"product","link":"https:\/\/ekitap.atauni.edu.tr\/index.php\/product\/cumhuriyetin-100-yilinda-ulusal-bitki-besleme-ve-gubre-yonetimi-bitki-beslemede-yeni-paradigmalar-yeni-nesil-urunler-ve-teknolojiler-sempozyumu\/","title":{"rendered":"Cumhuriyetin 100. Y\u0131l\u0131nda Ulusal Bitki Besleme ve G\u00fcbre Y\u00f6netimi (Bitki Beslemede Yeni Paradigmalar, Yeni Nesil \u00dcr\u00fcnler ve Teknolojiler) Sempozyumu"},"content":{"rendered":" <img src='https:\/\/ekitap.atauni.edu.tr\/wp-content\/plugins\/dp-post-views\/images\/eyes.png' class='dppv_eyes' width='100' height='100'> 2159","protected":false},"excerpt":{"rendered":"<p class=\"p1\"><b>Edit\u00f6r:<\/b><\/p>\n<p class=\"p1\">Prof. Dr. Nesrin YILDIZ<\/p>\n<p class=\"p1\">Atat\u00fcrk \u00dcniversitesi Yay\u0131nlar\u0131 No: 1399<\/p>\n<p>ISBN : 978-625-7086-62-2<\/p>\n<p>Yay\u0131n Yeri ve Y\u0131l\u0131: Erzurum, 2024<\/p>\n<p>Sayfa Say\u0131s\u0131: 480<\/p>\n<p><a class=\"vc_btn3 vc_btn3-shape-default btn btn-borders btn-md btn-dark\" href=\"https:\/\/ekitap.atauni.edu.tr\/index.php\/cumhuriyetin-100-yilinda-ulusal-bitki-besleme-ve-gubre-yonetimi-bitki-beslemede-yeni-paradigmalar-yeni-nesil-urunler-ve-teknolojiler-sempozyumu\/\" target=\"_blank\" rel=\"noopener noreferrer\">Kitab\u0131 Oku<\/a><\/p>\n","protected":false},"featured_media":4460,"template":"","meta":[],"product_brand":[],"product_cat":[86],"product_tag":[],"class_list":{"0":"post-4461","1":"product","2":"type-product","3":"status-publish","4":"has-post-thumbnail","6":"product_cat-2-fen-ve-muhendislik","8":"first","9":"instock","10":"shipping-taxable","11":"product-type-simple"},"_links":{"self":[{"href":"https:\/\/ekitap.atauni.edu.tr\/index.php\/wp-json\/wp\/v2\/product\/4461","targetHints":{"allow":["GET"]}}],"collection":[{"href":"https:\/\/ekitap.atauni.edu.tr\/index.php\/wp-json\/wp\/v2\/product"}],"about":[{"href":"https:\/\/ekitap.atauni.edu.tr\/index.php\/wp-json\/wp\/v2\/types\/product"}],"wp:featuredmedia":[{"embeddable":true,"href":"https:\/\/ekitap.atauni.edu.tr\/index.php\/wp-json\/wp\/v2\/media\/4460"}],"wp:attachment":[{"href":"https:\/\/ekitap.atauni.edu.tr\/index.php\/wp-json\/wp\/v2\/media?parent=4461"}],"wp:term":[{"taxonomy":"product_brand","embeddable":true,"href":"https:\/\/ekitap.atauni.edu.tr\/index.php\/wp-json\/wp\/v2\/product_brand?post=4461"},{"taxonomy":"product_cat","embeddable":true,"href":"https:\/\/ekitap.atauni.edu.tr\/index.php\/wp-json\/wp\/v2\/product_cat?post=4461"},{"taxonomy":"product_tag","embeddable":true,"href":"https:\/\/ekitap.atauni.edu.tr\/index.php\/wp-json\/wp\/v2\/product_tag?post=4461"}],"curies":[{"name":"wp","href":"https:\/\/api.w.org\/{rel}","templated":true}]}}