{"id":4444,"date":"2024-08-09T11:36:05","date_gmt":"2024-08-09T08:36:05","guid":{"rendered":"https:\/\/ekitap.atauni.edu.tr\/?post_type=product&#038;p=4444"},"modified":"2024-08-09T11:37:22","modified_gmt":"2024-08-09T08:37:22","slug":"cumhuriyetin-ikinci-100une-dogru-erzurum-mekansal-bellegi","status":"publish","type":"product","link":"https:\/\/ekitap.atauni.edu.tr\/index.php\/product\/cumhuriyetin-ikinci-100une-dogru-erzurum-mekansal-bellegi\/","title":{"rendered":"Cumhuriyet\u2019in \u0130kinci 100\u2019\u00fcne Do\u011fru Erzurum Mek\u00e2nsal Belle\u011fi"},"content":{"rendered":" <img src='https:\/\/ekitap.atauni.edu.tr\/wp-content\/plugins\/dp-post-views\/images\/eyes.png' class='dppv_eyes' width='100' height='100'> 2053","protected":false},"excerpt":{"rendered":"<p class=\"p1\"><b>Edit\u00f6r:<\/b><\/p>\n<p class=\"p1\">Prof. Dr.<span class=\"Apple-converted-space\">\u00a0 <\/span>Reyhan M\u0130D\u0130LL\u0130 SARI<\/p>\n<p class=\"p1\">Atat\u00fcrk \u00dcniversitesi Yay\u0131nlar\u0131 No: 1395<\/p>\n<p>ISBN : 978-625-6983-53-3<\/p>\n<p>Yay\u0131n Yeri ve Y\u0131l\u0131: Erzurum, 2024<\/p>\n<p>Sayfa Say\u0131s\u0131: 172<\/p>\n<p><a class=\"vc_btn3 vc_btn3-shape-default btn btn-borders btn-md btn-dark\" href=\"https:\/\/ekitap.atauni.edu.tr\/index.php\/cumhuriyetin-ikinci-100une-dogru-erzurum-mekansal-bellegi\/\" target=\"_blank\" rel=\"noopener noreferrer\">Kitab\u0131 Oku<\/a><\/p>\n","protected":false},"featured_media":4443,"template":"","meta":[],"product_brand":[],"product_cat":[94],"product_tag":[],"class_list":{"0":"post-4444","1":"product","2":"type-product","3":"status-publish","4":"has-post-thumbnail","6":"product_cat-4-sosyal-bilimler","8":"first","9":"instock","10":"shipping-taxable","11":"product-type-simple"},"_links":{"self":[{"href":"https:\/\/ekitap.atauni.edu.tr\/index.php\/wp-json\/wp\/v2\/product\/4444","targetHints":{"allow":["GET"]}}],"collection":[{"href":"https:\/\/ekitap.atauni.edu.tr\/index.php\/wp-json\/wp\/v2\/product"}],"about":[{"href":"https:\/\/ekitap.atauni.edu.tr\/index.php\/wp-json\/wp\/v2\/types\/product"}],"wp:featuredmedia":[{"embeddable":true,"href":"https:\/\/ekitap.atauni.edu.tr\/index.php\/wp-json\/wp\/v2\/media\/4443"}],"wp:attachment":[{"href":"https:\/\/ekitap.atauni.edu.tr\/index.php\/wp-json\/wp\/v2\/media?parent=4444"}],"wp:term":[{"taxonomy":"product_brand","embeddable":true,"href":"https:\/\/ekitap.atauni.edu.tr\/index.php\/wp-json\/wp\/v2\/product_brand?post=4444"},{"taxonomy":"product_cat","embeddable":true,"href":"https:\/\/ekitap.atauni.edu.tr\/index.php\/wp-json\/wp\/v2\/product_cat?post=4444"},{"taxonomy":"product_tag","embeddable":true,"href":"https:\/\/ekitap.atauni.edu.tr\/index.php\/wp-json\/wp\/v2\/product_tag?post=4444"}],"curies":[{"name":"wp","href":"https:\/\/api.w.org\/{rel}","templated":true}]}}