{"id":4420,"date":"2024-06-10T15:20:34","date_gmt":"2024-06-10T12:20:34","guid":{"rendered":"https:\/\/ekitap.atauni.edu.tr\/?post_type=product&#038;p=4420"},"modified":"2024-06-10T15:22:37","modified_gmt":"2024-06-10T12:22:37","slug":"yuzey-arastirmalari-isiginda-kars-ve-cevresi-gec-kalkolitik-cagdan-tunc-cagi-sonuna-kadar","status":"publish","type":"product","link":"https:\/\/ekitap.atauni.edu.tr\/index.php\/product\/yuzey-arastirmalari-isiginda-kars-ve-cevresi-gec-kalkolitik-cagdan-tunc-cagi-sonuna-kadar\/","title":{"rendered":"Y\u00fczey Ara\u015ft\u0131rmalar\u0131 I\u015f\u0131\u011f\u0131nda Kars ve \u00c7evresi (Ge\u00e7 Kalkolitik \u00c7a\u011fdan Tun\u00e7 \u00c7a\u011f\u0131 Sonuna Kadar)"},"content":{"rendered":" <img src='https:\/\/ekitap.atauni.edu.tr\/wp-content\/plugins\/dp-post-views\/images\/eyes.png' class='dppv_eyes' width='100' height='100'> 1275","protected":false},"excerpt":{"rendered":"<p class=\"p1\"><b>Yazar:<\/b><\/p>\n<p class=\"p1\">Adem DUMLU<\/p>\n<p class=\"p1\">Atat\u00fcrk \u00dcniversitesi Yay\u0131nlar\u0131 No: 1390<\/p>\n<p>ISBN : 978-625-6983-48-9<\/p>\n<p>Yay\u0131n Yeri ve Y\u0131l\u0131: Erzurum, 2024<\/p>\n<p>Sayfa Say\u0131s\u0131: 142<\/p>\n<p><a class=\"vc_btn3 vc_btn3-shape-default btn btn-borders btn-md btn-dark\" href=\"https:\/\/ekitap.atauni.edu.tr\/index.php\/yuzey-arastirmalari-isiginda-kars-ve-cevresi\/\" target=\"_blank\" rel=\"noopener noreferrer\">Kitab\u0131 Oku<\/a><\/p>\n","protected":false},"featured_media":4417,"template":"","meta":[],"product_brand":[],"product_cat":[94],"product_tag":[],"class_list":{"0":"post-4420","1":"product","2":"type-product","3":"status-publish","4":"has-post-thumbnail","6":"product_cat-4-sosyal-bilimler","8":"first","9":"instock","10":"shipping-taxable","11":"product-type-simple"},"_links":{"self":[{"href":"https:\/\/ekitap.atauni.edu.tr\/index.php\/wp-json\/wp\/v2\/product\/4420","targetHints":{"allow":["GET"]}}],"collection":[{"href":"https:\/\/ekitap.atauni.edu.tr\/index.php\/wp-json\/wp\/v2\/product"}],"about":[{"href":"https:\/\/ekitap.atauni.edu.tr\/index.php\/wp-json\/wp\/v2\/types\/product"}],"wp:featuredmedia":[{"embeddable":true,"href":"https:\/\/ekitap.atauni.edu.tr\/index.php\/wp-json\/wp\/v2\/media\/4417"}],"wp:attachment":[{"href":"https:\/\/ekitap.atauni.edu.tr\/index.php\/wp-json\/wp\/v2\/media?parent=4420"}],"wp:term":[{"taxonomy":"product_brand","embeddable":true,"href":"https:\/\/ekitap.atauni.edu.tr\/index.php\/wp-json\/wp\/v2\/product_brand?post=4420"},{"taxonomy":"product_cat","embeddable":true,"href":"https:\/\/ekitap.atauni.edu.tr\/index.php\/wp-json\/wp\/v2\/product_cat?post=4420"},{"taxonomy":"product_tag","embeddable":true,"href":"https:\/\/ekitap.atauni.edu.tr\/index.php\/wp-json\/wp\/v2\/product_tag?post=4420"}],"curies":[{"name":"wp","href":"https:\/\/api.w.org\/{rel}","templated":true}]}}