{"id":4409,"date":"2024-01-24T10:27:17","date_gmt":"2024-01-24T07:27:17","guid":{"rendered":"https:\/\/ekitap.atauni.edu.tr\/?post_type=product&#038;p=4409"},"modified":"2024-01-24T10:28:32","modified_gmt":"2024-01-24T07:28:32","slug":"2-uluslararasi-17-ulusal-buro-yonetimi-ve-sekreterlik-kongresi-bildiri-kitabi","status":"publish","type":"product","link":"https:\/\/ekitap.atauni.edu.tr\/index.php\/product\/2-uluslararasi-17-ulusal-buro-yonetimi-ve-sekreterlik-kongresi-bildiri-kitabi\/","title":{"rendered":"2. Uluslararas\u0131 17. Ulusal B\u00fcro Y\u00f6netimi ve Sekreterlik Kongresi  Bildiri Kitab\u0131"},"content":{"rendered":" <img src='https:\/\/ekitap.atauni.edu.tr\/wp-content\/plugins\/dp-post-views\/images\/eyes.png' class='dppv_eyes' width='100' height='100'> 1552","protected":false},"excerpt":{"rendered":"<p class=\"p1\"><b>Edit\u00f6rler:<\/b><\/p>\n<p class=\"p1\">\u00d6\u011fr. G\u00f6r. Dr. H\u00fcriye SUBA\u015eI<\/p>\n<p class=\"p1\">Do\u00e7. Dr. \u00d6zlem TOP\u00c7UO\u011eLU<\/p>\n<p class=\"p1\">Atat\u00fcrk \u00dcniversitesi Yay\u0131nlar\u0131 No: 1389<\/p>\n<p>ISBN :978-625-6983-47-2<\/p>\n<p>Yay\u0131n Yeri ve Y\u0131l\u0131: Erzurum, 2023<\/p>\n<p>Sayfa Say\u0131s\u0131: 192<\/p>\n<p><a class=\"vc_btn3 vc_btn3-shape-default btn btn-borders btn-md btn-dark\" href=\"https:\/\/ekitap.atauni.edu.tr\/index.php\/2-uluslararasi-17-ulusal-buro-yonetimi-ve-sekreterlik-kongresi-bildiri-kitabi\/\" target=\"_blank\" rel=\"noopener noreferrer\">Kitab\u0131 Oku<\/a><\/p>\n","protected":false},"featured_media":4408,"template":"","meta":[],"product_brand":[],"product_cat":[94],"product_tag":[],"class_list":{"0":"post-4409","1":"product","2":"type-product","3":"status-publish","4":"has-post-thumbnail","6":"product_cat-4-sosyal-bilimler","8":"first","9":"instock","10":"shipping-taxable","11":"product-type-simple"},"_links":{"self":[{"href":"https:\/\/ekitap.atauni.edu.tr\/index.php\/wp-json\/wp\/v2\/product\/4409","targetHints":{"allow":["GET"]}}],"collection":[{"href":"https:\/\/ekitap.atauni.edu.tr\/index.php\/wp-json\/wp\/v2\/product"}],"about":[{"href":"https:\/\/ekitap.atauni.edu.tr\/index.php\/wp-json\/wp\/v2\/types\/product"}],"wp:featuredmedia":[{"embeddable":true,"href":"https:\/\/ekitap.atauni.edu.tr\/index.php\/wp-json\/wp\/v2\/media\/4408"}],"wp:attachment":[{"href":"https:\/\/ekitap.atauni.edu.tr\/index.php\/wp-json\/wp\/v2\/media?parent=4409"}],"wp:term":[{"taxonomy":"product_brand","embeddable":true,"href":"https:\/\/ekitap.atauni.edu.tr\/index.php\/wp-json\/wp\/v2\/product_brand?post=4409"},{"taxonomy":"product_cat","embeddable":true,"href":"https:\/\/ekitap.atauni.edu.tr\/index.php\/wp-json\/wp\/v2\/product_cat?post=4409"},{"taxonomy":"product_tag","embeddable":true,"href":"https:\/\/ekitap.atauni.edu.tr\/index.php\/wp-json\/wp\/v2\/product_tag?post=4409"}],"curies":[{"name":"wp","href":"https:\/\/api.w.org\/{rel}","templated":true}]}}