{"id":4403,"date":"2024-01-15T16:06:41","date_gmt":"2024-01-15T13:06:41","guid":{"rendered":"https:\/\/ekitap.atauni.edu.tr\/?post_type=product&#038;p=4403"},"modified":"2024-01-15T16:07:57","modified_gmt":"2024-01-15T13:07:57","slug":"cumhuriyetin-100-yilinda-bilge-kagandan-ataturke-uluslararasi-turkce-ve-turk-edebiyati-kurultayi-bildiriler-kitabi","status":"publish","type":"product","link":"https:\/\/ekitap.atauni.edu.tr\/index.php\/product\/cumhuriyetin-100-yilinda-bilge-kagandan-ataturke-uluslararasi-turkce-ve-turk-edebiyati-kurultayi-bildiriler-kitabi\/","title":{"rendered":"Cumhuriyet\u2019in 100. Y\u0131l\u0131nda Bilge Ka\u011fan\u2019dan Atat\u00fcrk\u2019e Uluslararas\u0131 T\u00fcrk\u00e7e ve T\u00fcrk Edebiyat\u0131 Kurultay\u0131 Bildiriler Kitab\u0131"},"content":{"rendered":" <img src='https:\/\/ekitap.atauni.edu.tr\/wp-content\/plugins\/dp-post-views\/images\/eyes.png' class='dppv_eyes' width='100' height='100'> 1797","protected":false},"excerpt":{"rendered":"<p class=\"p1\"><b>Edit\u00f6r<\/b><span class=\"s1\"><b>:<\/b><\/span><\/p>\n<p class=\"p2\">Prof. Dr. Muhsine B\u00d6REK\u00c7\u0130<\/p>\n<p class=\"p1\">Atat\u00fcrk \u00dcniversitesi Yay\u0131nlar\u0131 No: 1388<\/p>\n<p>ISBN : 978-625-6983-46-5<\/p>\n<p>Yay\u0131n Yeri ve Y\u0131l\u0131: Erzurum, 2023<\/p>\n<p>Sayfa Say\u0131s\u0131: 406<\/p>\n<p><a class=\"vc_btn3 vc_btn3-shape-default btn btn-borders btn-md btn-dark\" href=\"https:\/\/ekitap.atauni.edu.tr\/index.php\/cumhuriyetin-100-yilinda-bilge-kagandan-ataturke-uluslararasi-turkce-ve-turk-edebiyati-kurultayi-bildiriler-kitabi\/\" target=\"_blank\" rel=\"noopener noreferrer\">Kitab\u0131 Oku<\/a><\/p>\n","protected":false},"featured_media":4402,"template":"","meta":[],"product_brand":[],"product_cat":[94],"product_tag":[],"class_list":{"0":"post-4403","1":"product","2":"type-product","3":"status-publish","4":"has-post-thumbnail","6":"product_cat-4-sosyal-bilimler","8":"first","9":"instock","10":"shipping-taxable","11":"product-type-simple"},"_links":{"self":[{"href":"https:\/\/ekitap.atauni.edu.tr\/index.php\/wp-json\/wp\/v2\/product\/4403","targetHints":{"allow":["GET"]}}],"collection":[{"href":"https:\/\/ekitap.atauni.edu.tr\/index.php\/wp-json\/wp\/v2\/product"}],"about":[{"href":"https:\/\/ekitap.atauni.edu.tr\/index.php\/wp-json\/wp\/v2\/types\/product"}],"wp:featuredmedia":[{"embeddable":true,"href":"https:\/\/ekitap.atauni.edu.tr\/index.php\/wp-json\/wp\/v2\/media\/4402"}],"wp:attachment":[{"href":"https:\/\/ekitap.atauni.edu.tr\/index.php\/wp-json\/wp\/v2\/media?parent=4403"}],"wp:term":[{"taxonomy":"product_brand","embeddable":true,"href":"https:\/\/ekitap.atauni.edu.tr\/index.php\/wp-json\/wp\/v2\/product_brand?post=4403"},{"taxonomy":"product_cat","embeddable":true,"href":"https:\/\/ekitap.atauni.edu.tr\/index.php\/wp-json\/wp\/v2\/product_cat?post=4403"},{"taxonomy":"product_tag","embeddable":true,"href":"https:\/\/ekitap.atauni.edu.tr\/index.php\/wp-json\/wp\/v2\/product_tag?post=4403"}],"curies":[{"name":"wp","href":"https:\/\/api.w.org\/{rel}","templated":true}]}}