{"id":4383,"date":"2024-01-02T14:43:46","date_gmt":"2024-01-02T11:43:46","guid":{"rendered":"https:\/\/ekitap.atauni.edu.tr\/?post_type=product&#038;p=4383"},"modified":"2024-01-17T09:47:06","modified_gmt":"2024-01-17T06:47:06","slug":"new-coordination-compounds-of-nicotinamide-and-caffeine-kscn-and-some-transition-metals-in-multi-system-synthesis-and-characterization-and-investigation-of-some-physical-properties-research","status":"publish","type":"product","link":"https:\/\/ekitap.atauni.edu.tr\/index.php\/product\/new-coordination-compounds-of-nicotinamide-and-caffeine-kscn-and-some-transition-metals-in-multi-system-synthesis-and-characterization-and-investigation-of-some-physical-properties-research\/","title":{"rendered":"New Coordination Compounds Of Nicotinamide And Caffeine, Kscn And Some Transition Metals In Multi-System: Synthesis And Characterization And Investigation Of Some Physical Properties (Research)"},"content":{"rendered":" <img src='https:\/\/ekitap.atauni.edu.tr\/wp-content\/plugins\/dp-post-views\/images\/eyes.png' class='dppv_eyes' width='100' height='100'> 1651","protected":false},"excerpt":{"rendered":"<p class=\"p1\"><b>Yazarlar:<\/b><\/p>\n<p class=\"p1\">\u00d6zlen ALTUN<\/p>\n<p class=\"p1\">Emre ORDU<\/p>\n<p class=\"p1\">Atat\u00fcrk \u00dcniversitesi Yay\u0131nlar\u0131 No: 1384<\/p>\n<p>ISBN : 978-625-6983-42-7<\/p>\n<p>Yay\u0131n Yeri ve Y\u0131l\u0131: Erzurum, 2023<\/p>\n<p>Sayfa Say\u0131s\u0131: 96<\/p>\n<p><a class=\"vc_btn3 vc_btn3-shape-default btn btn-borders btn-md btn-dark\" href=\"https:\/\/ekitap.atauni.edu.tr\/index.php\/new-coordination-compounds-of-nicotinamide-and-caffeine-kscn-and-some-transition-metals-in-multi-system-synthesis-and-characterization-and-investigation-of-some-physical-properties-research\/\" target=\"_blank\" rel=\"noopener noreferrer\">Kitab\u0131 Oku<\/a><\/p>\n","protected":false},"featured_media":4382,"template":"","meta":[],"product_brand":[],"product_cat":[86],"product_tag":[],"class_list":{"0":"post-4383","1":"product","2":"type-product","3":"status-publish","4":"has-post-thumbnail","6":"product_cat-2-fen-ve-muhendislik","8":"first","9":"instock","10":"shipping-taxable","11":"product-type-simple"},"_links":{"self":[{"href":"https:\/\/ekitap.atauni.edu.tr\/index.php\/wp-json\/wp\/v2\/product\/4383","targetHints":{"allow":["GET"]}}],"collection":[{"href":"https:\/\/ekitap.atauni.edu.tr\/index.php\/wp-json\/wp\/v2\/product"}],"about":[{"href":"https:\/\/ekitap.atauni.edu.tr\/index.php\/wp-json\/wp\/v2\/types\/product"}],"wp:featuredmedia":[{"embeddable":true,"href":"https:\/\/ekitap.atauni.edu.tr\/index.php\/wp-json\/wp\/v2\/media\/4382"}],"wp:attachment":[{"href":"https:\/\/ekitap.atauni.edu.tr\/index.php\/wp-json\/wp\/v2\/media?parent=4383"}],"wp:term":[{"taxonomy":"product_brand","embeddable":true,"href":"https:\/\/ekitap.atauni.edu.tr\/index.php\/wp-json\/wp\/v2\/product_brand?post=4383"},{"taxonomy":"product_cat","embeddable":true,"href":"https:\/\/ekitap.atauni.edu.tr\/index.php\/wp-json\/wp\/v2\/product_cat?post=4383"},{"taxonomy":"product_tag","embeddable":true,"href":"https:\/\/ekitap.atauni.edu.tr\/index.php\/wp-json\/wp\/v2\/product_tag?post=4383"}],"curies":[{"name":"wp","href":"https:\/\/api.w.org\/{rel}","templated":true}]}}