{"id":4370,"date":"2023-12-19T18:10:09","date_gmt":"2023-12-19T15:10:09","guid":{"rendered":"https:\/\/ekitap.atauni.edu.tr\/?post_type=product&#038;p=4370"},"modified":"2023-12-19T18:11:07","modified_gmt":"2023-12-19T15:11:07","slug":"afet-yonetimi-ve-kulturel-bellek-kurumlari","status":"publish","type":"product","link":"https:\/\/ekitap.atauni.edu.tr\/index.php\/product\/afet-yonetimi-ve-kulturel-bellek-kurumlari\/","title":{"rendered":"Afet Y\u00f6netimi ve K\u00fclt\u00fcrel Bellek Kurumlar\u0131"},"content":{"rendered":" <img src='https:\/\/ekitap.atauni.edu.tr\/wp-content\/plugins\/dp-post-views\/images\/eyes.png' class='dppv_eyes' width='100' height='100'> 2276","protected":false},"excerpt":{"rendered":"<p class=\"p1\"><b>Edit\u00f6rler:<\/b><\/p>\n<p class=\"p1\">Dr. \u00d6\u011fr. \u00dcyesi Nermin \u00c7AKMAK<\/p>\n<p class=\"p1\">Dr. \u00d6\u011fr. \u00dcyesi Mithat Baver ZENC\u0130R<\/p>\n<p class=\"p1\">Atat\u00fcrk \u00dcniversitesi Yay\u0131nlar\u0131 No: 1380<\/p>\n<p>ISBN : 978-625-6983-38-0<\/p>\n<p>Yay\u0131n Yeri ve Y\u0131l\u0131: Erzurum, 2023<\/p>\n<p>Sayfa Say\u0131s\u0131: 168<\/p>\n<p><a class=\"vc_btn3 vc_btn3-shape-default btn btn-borders btn-md btn-dark\" href=\"https:\/\/ekitap.atauni.edu.tr\/index.php\/afet-yonetimi-ve-kulturel-bellek-kurumlari\/\" target=\"_blank\" rel=\"noopener noreferrer\">Kitab\u0131 Oku<\/a><\/p>\n","protected":false},"featured_media":4369,"template":"","meta":[],"product_brand":[],"product_cat":[94],"product_tag":[],"class_list":{"0":"post-4370","1":"product","2":"type-product","3":"status-publish","4":"has-post-thumbnail","6":"product_cat-4-sosyal-bilimler","8":"first","9":"instock","10":"shipping-taxable","11":"product-type-simple"},"_links":{"self":[{"href":"https:\/\/ekitap.atauni.edu.tr\/index.php\/wp-json\/wp\/v2\/product\/4370","targetHints":{"allow":["GET"]}}],"collection":[{"href":"https:\/\/ekitap.atauni.edu.tr\/index.php\/wp-json\/wp\/v2\/product"}],"about":[{"href":"https:\/\/ekitap.atauni.edu.tr\/index.php\/wp-json\/wp\/v2\/types\/product"}],"wp:featuredmedia":[{"embeddable":true,"href":"https:\/\/ekitap.atauni.edu.tr\/index.php\/wp-json\/wp\/v2\/media\/4369"}],"wp:attachment":[{"href":"https:\/\/ekitap.atauni.edu.tr\/index.php\/wp-json\/wp\/v2\/media?parent=4370"}],"wp:term":[{"taxonomy":"product_brand","embeddable":true,"href":"https:\/\/ekitap.atauni.edu.tr\/index.php\/wp-json\/wp\/v2\/product_brand?post=4370"},{"taxonomy":"product_cat","embeddable":true,"href":"https:\/\/ekitap.atauni.edu.tr\/index.php\/wp-json\/wp\/v2\/product_cat?post=4370"},{"taxonomy":"product_tag","embeddable":true,"href":"https:\/\/ekitap.atauni.edu.tr\/index.php\/wp-json\/wp\/v2\/product_tag?post=4370"}],"curies":[{"name":"wp","href":"https:\/\/api.w.org\/{rel}","templated":true}]}}