{"id":4355,"date":"2023-12-19T15:18:13","date_gmt":"2023-12-19T12:18:13","guid":{"rendered":"https:\/\/ekitap.atauni.edu.tr\/?post_type=product&#038;p=4355"},"modified":"2023-12-19T15:19:36","modified_gmt":"2023-12-19T12:19:36","slug":"ev-hizmetlerinde-calisan-kadinlarin-sorunlarina-yonelik-sosyal-politika-onerileri","status":"publish","type":"product","link":"https:\/\/ekitap.atauni.edu.tr\/index.php\/product\/ev-hizmetlerinde-calisan-kadinlarin-sorunlarina-yonelik-sosyal-politika-onerileri\/","title":{"rendered":"Ev Hizmetlerinde \u00c7al\u0131\u015fan Kad\u0131nlar\u0131n Sorunlar\u0131na Y\u00f6nelik Sosyal Politika \u00d6nerileri"},"content":{"rendered":" <img src='https:\/\/ekitap.atauni.edu.tr\/wp-content\/plugins\/dp-post-views\/images\/eyes.png' class='dppv_eyes' width='100' height='100'> 1316","protected":false},"excerpt":{"rendered":"<p class=\"p1\"><b>Yazar<\/b><span class=\"s1\"><b>:<\/b><\/span><\/p>\n<p class=\"p1\">Adnan K\u00dc\u00c7\u00dcKAL\u0130<\/p>\n<p class=\"p1\">Kenan \u00d6ZMEN<\/p>\n<p class=\"p1\">Ceyhun SER\u00c7EMEL\u0130<\/p>\n<p class=\"p1\">Nimet YILMAZ<\/p>\n<p class=\"p1\">Atat\u00fcrk \u00dcniversitesi Yay\u0131nlar\u0131 No: 1376<\/p>\n<p>ISBN : 978-625-6983-34-2<\/p>\n<p>Yay\u0131n Yeri ve Y\u0131l\u0131: Erzurum, 2023<\/p>\n<p>Sayfa Say\u0131s\u0131: 58<\/p>\n<p><a class=\"vc_btn3 vc_btn3-shape-default btn btn-borders btn-md btn-dark\" href=\"https:\/\/ekitap.atauni.edu.tr\/index.php\/ev-hizmetlerinde-calisan-kadinlarin-sorunlarina-yonelik-sosyal-politika-onerileri\/\" target=\"_blank\" rel=\"noopener noreferrer\">Kitab\u0131 Oku<\/a><\/p>\n","protected":false},"featured_media":4354,"template":"","meta":[],"product_brand":[],"product_cat":[94],"product_tag":[],"class_list":{"0":"post-4355","1":"product","2":"type-product","3":"status-publish","4":"has-post-thumbnail","6":"product_cat-4-sosyal-bilimler","8":"first","9":"instock","10":"shipping-taxable","11":"product-type-simple"},"_links":{"self":[{"href":"https:\/\/ekitap.atauni.edu.tr\/index.php\/wp-json\/wp\/v2\/product\/4355","targetHints":{"allow":["GET"]}}],"collection":[{"href":"https:\/\/ekitap.atauni.edu.tr\/index.php\/wp-json\/wp\/v2\/product"}],"about":[{"href":"https:\/\/ekitap.atauni.edu.tr\/index.php\/wp-json\/wp\/v2\/types\/product"}],"wp:featuredmedia":[{"embeddable":true,"href":"https:\/\/ekitap.atauni.edu.tr\/index.php\/wp-json\/wp\/v2\/media\/4354"}],"wp:attachment":[{"href":"https:\/\/ekitap.atauni.edu.tr\/index.php\/wp-json\/wp\/v2\/media?parent=4355"}],"wp:term":[{"taxonomy":"product_brand","embeddable":true,"href":"https:\/\/ekitap.atauni.edu.tr\/index.php\/wp-json\/wp\/v2\/product_brand?post=4355"},{"taxonomy":"product_cat","embeddable":true,"href":"https:\/\/ekitap.atauni.edu.tr\/index.php\/wp-json\/wp\/v2\/product_cat?post=4355"},{"taxonomy":"product_tag","embeddable":true,"href":"https:\/\/ekitap.atauni.edu.tr\/index.php\/wp-json\/wp\/v2\/product_tag?post=4355"}],"curies":[{"name":"wp","href":"https:\/\/api.w.org\/{rel}","templated":true}]}}