{"id":4311,"date":"2023-10-06T14:37:40","date_gmt":"2023-10-06T11:37:40","guid":{"rendered":"https:\/\/ekitap.atauni.edu.tr\/?post_type=product&#038;p=4311"},"modified":"2023-10-06T14:40:11","modified_gmt":"2023-10-06T11:40:11","slug":"uluslararasi-dil-ve-edebiyat-arastirmalari-sempozyumu-bildiriler-kitabi","status":"publish","type":"product","link":"https:\/\/ekitap.atauni.edu.tr\/index.php\/product\/uluslararasi-dil-ve-edebiyat-arastirmalari-sempozyumu-bildiriler-kitabi\/","title":{"rendered":"Uluslararas\u0131 Dil ve Edebiyat Ara\u015ft\u0131rmalar\u0131 Sempozyumu Bildiriler Kitab\u0131"},"content":{"rendered":" <img src='https:\/\/ekitap.atauni.edu.tr\/wp-content\/plugins\/dp-post-views\/images\/eyes.png' class='dppv_eyes' width='100' height='100'> 1624","protected":false},"excerpt":{"rendered":"<p class=\"p1\"><b>Edit\u00f6rler<\/b><span class=\"s1\"><b>:<\/b><\/span><\/p>\n<p class=\"p1\">Prof. Dr. H\u00fcseyin BAYDEM\u0130R<\/p>\n<p class=\"p1\">Prof. Dr. S\u00fcleyman EFEND\u0130O\u011eLU<\/p>\n<p class=\"p1\">Do\u00e7. Dr. Mayramg\u00fcl DIYKANBAY<\/p>\n<p class=\"p1\">Dr. \u00d6\u011fr. \u00dcyesi Fatih EK\u0130C\u0130<\/p>\n<p class=\"p1\">Atat\u00fcrk \u00dcniversitesi Yay\u0131nlar\u0131 No: 1368<\/p>\n<p>ISBN : 978-625-6983-29-8<\/p>\n<p>Yay\u0131n Yeri ve Y\u0131l\u0131: Erzurum, 2023<\/p>\n<p>Sayfa Say\u0131s\u0131: 368<\/p>\n<p><a class=\"vc_btn3 vc_btn3-shape-default btn btn-borders btn-md btn-dark\" href=\"https:\/\/ekitap.atauni.edu.tr\/index.php\/uluslararasi-dil-ve-edebiyat-arastirmalari-sempozyumu-bildiri-kitabi\/\" target=\"_blank\" rel=\"noopener noreferrer\">Kitab\u0131 Oku<\/a><\/p>\n","protected":false},"featured_media":4309,"template":"","meta":[],"product_brand":[],"product_cat":[94],"product_tag":[],"class_list":{"0":"post-4311","1":"product","2":"type-product","3":"status-publish","4":"has-post-thumbnail","6":"product_cat-4-sosyal-bilimler","8":"first","9":"instock","10":"shipping-taxable","11":"product-type-simple"},"_links":{"self":[{"href":"https:\/\/ekitap.atauni.edu.tr\/index.php\/wp-json\/wp\/v2\/product\/4311","targetHints":{"allow":["GET"]}}],"collection":[{"href":"https:\/\/ekitap.atauni.edu.tr\/index.php\/wp-json\/wp\/v2\/product"}],"about":[{"href":"https:\/\/ekitap.atauni.edu.tr\/index.php\/wp-json\/wp\/v2\/types\/product"}],"wp:featuredmedia":[{"embeddable":true,"href":"https:\/\/ekitap.atauni.edu.tr\/index.php\/wp-json\/wp\/v2\/media\/4309"}],"wp:attachment":[{"href":"https:\/\/ekitap.atauni.edu.tr\/index.php\/wp-json\/wp\/v2\/media?parent=4311"}],"wp:term":[{"taxonomy":"product_brand","embeddable":true,"href":"https:\/\/ekitap.atauni.edu.tr\/index.php\/wp-json\/wp\/v2\/product_brand?post=4311"},{"taxonomy":"product_cat","embeddable":true,"href":"https:\/\/ekitap.atauni.edu.tr\/index.php\/wp-json\/wp\/v2\/product_cat?post=4311"},{"taxonomy":"product_tag","embeddable":true,"href":"https:\/\/ekitap.atauni.edu.tr\/index.php\/wp-json\/wp\/v2\/product_tag?post=4311"}],"curies":[{"name":"wp","href":"https:\/\/api.w.org\/{rel}","templated":true}]}}