{"id":4253,"date":"2023-02-25T10:05:27","date_gmt":"2023-02-25T07:05:27","guid":{"rendered":"https:\/\/ekitap.atauni.edu.tr\/?post_type=product&#038;p=4253"},"modified":"2023-05-15T10:10:30","modified_gmt":"2023-05-15T07:10:30","slug":"surdurulebilirlik","status":"publish","type":"product","link":"https:\/\/ekitap.atauni.edu.tr\/index.php\/product\/surdurulebilirlik\/","title":{"rendered":"S\u00dcRD\u00dcR\u00dcLEB\u0130L\u0130RL\u0130K"},"content":{"rendered":" <img src='https:\/\/ekitap.atauni.edu.tr\/wp-content\/plugins\/dp-post-views\/images\/eyes.png' class='dppv_eyes' width='100' height='100'> 1303","protected":false},"excerpt":{"rendered":"<p class=\"p1\"><b>Yay\u0131na Haz\u0131rlayanlar:<\/b><\/p>\n<p class=\"p1\">Prof. Dr. Cemil Serhat AKIN<\/p>\n<p class=\"p1\">Prof. Dr. Cengiz AYTUN<\/p>\n<p class=\"p1\"><b>Yazarlar:<\/b><\/p>\n<p class=\"p1\">Prof. Dr. \u00dcnal ARSLAN, Prof. Dr. Cemil Serhat AKIN<\/p>\n<p class=\"p1\">Prof. Dr. Cengiz AYTUN, Do\u00e7. Dr. \u00d6zden AKIN<\/p>\n<p class=\"p1\">Do\u00e7. Dr. Metin REYHANO\u011eLU, Do\u00e7. Dr. Soner AKIN<\/p>\n<p class=\"p1\">Dr. \u00d6\u011fr. \u00dcyesi Fatma Merve EK\u0130Z, Dr. \u00d6\u011fr. \u00dcyesi \u0130pek TEK\u0130N<\/p>\n<p class=\"p1\">Ar\u015f. G\u00f6r. Dr. Sibel \u00d6RK \u00d6ZEL, \u00d6\u011fr. G\u00f6r Dr. Orhan CENG\u0130Z<\/p>\n<p class=\"p1\">Ar\u015f. G\u00f6r. Tuba YILDIZ, Hasan BATMAZ<\/p>\n<p>Atat\u00fcrk \u00dcniversitesi Yay\u0131nlar\u0131 No: 1349<\/p>\n<p>ISBN : 978-625-6983-07-6<\/p>\n<p>Yay\u0131n Yeri ve Y\u0131l\u0131: Erzurum, 2022<\/p>\n<p>Sayfa Say\u0131s\u0131: 154<\/p>\n<p><a class=\"vc_btn3 vc_btn3-shape-default btn btn-borders btn-md btn-dark\" href=\"https:\/\/ekitap.atauni.edu.tr\/index.php\/surdurulebilirlik\/\" target=\"_blank\" rel=\"noopener noreferrer\">Kitab\u0131 Oku<\/a><\/p>\n","protected":false},"featured_media":4251,"template":"","meta":[],"product_brand":[],"product_cat":[94],"product_tag":[],"class_list":{"0":"post-4253","1":"product","2":"type-product","3":"status-publish","4":"has-post-thumbnail","6":"product_cat-4-sosyal-bilimler","8":"first","9":"instock","10":"shipping-taxable","11":"product-type-simple"},"_links":{"self":[{"href":"https:\/\/ekitap.atauni.edu.tr\/index.php\/wp-json\/wp\/v2\/product\/4253","targetHints":{"allow":["GET"]}}],"collection":[{"href":"https:\/\/ekitap.atauni.edu.tr\/index.php\/wp-json\/wp\/v2\/product"}],"about":[{"href":"https:\/\/ekitap.atauni.edu.tr\/index.php\/wp-json\/wp\/v2\/types\/product"}],"wp:featuredmedia":[{"embeddable":true,"href":"https:\/\/ekitap.atauni.edu.tr\/index.php\/wp-json\/wp\/v2\/media\/4251"}],"wp:attachment":[{"href":"https:\/\/ekitap.atauni.edu.tr\/index.php\/wp-json\/wp\/v2\/media?parent=4253"}],"wp:term":[{"taxonomy":"product_brand","embeddable":true,"href":"https:\/\/ekitap.atauni.edu.tr\/index.php\/wp-json\/wp\/v2\/product_brand?post=4253"},{"taxonomy":"product_cat","embeddable":true,"href":"https:\/\/ekitap.atauni.edu.tr\/index.php\/wp-json\/wp\/v2\/product_cat?post=4253"},{"taxonomy":"product_tag","embeddable":true,"href":"https:\/\/ekitap.atauni.edu.tr\/index.php\/wp-json\/wp\/v2\/product_tag?post=4253"}],"curies":[{"name":"wp","href":"https:\/\/api.w.org\/{rel}","templated":true}]}}