{"id":4246,"date":"2023-04-25T15:00:05","date_gmt":"2023-04-25T12:00:05","guid":{"rendered":"https:\/\/ekitap.atauni.edu.tr\/?post_type=product&#038;p=4246"},"modified":"2023-04-27T08:54:03","modified_gmt":"2023-04-27T05:54:03","slug":"16-ulusal-yazilim-muhendisligi-sempozyumu-bildiri-kitabi","status":"publish","type":"product","link":"https:\/\/ekitap.atauni.edu.tr\/index.php\/product\/16-ulusal-yazilim-muhendisligi-sempozyumu-bildiri-kitabi\/","title":{"rendered":"16. Ulusal Yaz\u0131l\u0131m M\u00fchendisli\u011fi Sempozyumu Bildiri Kitab\u0131"},"content":{"rendered":" <img src='https:\/\/ekitap.atauni.edu.tr\/wp-content\/plugins\/dp-post-views\/images\/eyes.png' class='dppv_eyes' width='100' height='100'> 3753","protected":false},"excerpt":{"rendered":"<p class=\"p1\"><b>Edit\u00f6rler:<\/b><\/p>\n<p class=\"p1\">Do\u00e7. Dr. Duygu FINDIK CO\u015eKUN\u00c7AY<\/p>\n<p class=\"p1\">Dr. G\u00fcl\u015fah T\u00dcM\u00dcKL\u00dc \u00d6ZYER<\/p>\n<p class=\"p1\">Do\u00e7. Dr. Bar\u0131\u015f \u00d6ZYER<\/p>\n<p class=\"p1\">Dr. Ahmet CO\u015eKUN\u00c7AY<\/p>\n<p class=\"p1\">Dr. \u00d6zden \u00d6ZCAN TOP<\/p>\n<p class=\"p1\">Do\u00e7. Dr. R\u0131za Cenk ERDUR<\/p>\n<p class=\"p1\">Atat\u00fcrk \u00dcniversitesi Yay\u0131nlar\u0131 No: 1360<\/p>\n<p>ISBN : 978-625-6983-18-2<\/p>\n<p>Yay\u0131n Yeri ve Y\u0131l\u0131: Erzurum, 2023<\/p>\n<p>Sayfa Say\u0131s\u0131: 350<\/p>\n<p><a class=\"vc_btn3 vc_btn3-shape-default btn btn-borders btn-md btn-dark\" href=\"https:\/\/ekitap.atauni.edu.tr\/index.php\/16-ulusal-yazilim-muhendisligi-sempozyumu-bildiri-kitabi\/\" target=\"_blank\" rel=\"noopener noreferrer\">Kitab\u0131 Oku<\/a><\/p>\n","protected":false},"featured_media":4244,"template":"","meta":[],"product_brand":[],"product_cat":[86],"product_tag":[],"class_list":{"0":"post-4246","1":"product","2":"type-product","3":"status-publish","4":"has-post-thumbnail","6":"product_cat-2-fen-ve-muhendislik","8":"first","9":"instock","10":"shipping-taxable","11":"product-type-simple"},"_links":{"self":[{"href":"https:\/\/ekitap.atauni.edu.tr\/index.php\/wp-json\/wp\/v2\/product\/4246","targetHints":{"allow":["GET"]}}],"collection":[{"href":"https:\/\/ekitap.atauni.edu.tr\/index.php\/wp-json\/wp\/v2\/product"}],"about":[{"href":"https:\/\/ekitap.atauni.edu.tr\/index.php\/wp-json\/wp\/v2\/types\/product"}],"wp:featuredmedia":[{"embeddable":true,"href":"https:\/\/ekitap.atauni.edu.tr\/index.php\/wp-json\/wp\/v2\/media\/4244"}],"wp:attachment":[{"href":"https:\/\/ekitap.atauni.edu.tr\/index.php\/wp-json\/wp\/v2\/media?parent=4246"}],"wp:term":[{"taxonomy":"product_brand","embeddable":true,"href":"https:\/\/ekitap.atauni.edu.tr\/index.php\/wp-json\/wp\/v2\/product_brand?post=4246"},{"taxonomy":"product_cat","embeddable":true,"href":"https:\/\/ekitap.atauni.edu.tr\/index.php\/wp-json\/wp\/v2\/product_cat?post=4246"},{"taxonomy":"product_tag","embeddable":true,"href":"https:\/\/ekitap.atauni.edu.tr\/index.php\/wp-json\/wp\/v2\/product_tag?post=4246"}],"curies":[{"name":"wp","href":"https:\/\/api.w.org\/{rel}","templated":true}]}}