{"id":4204,"date":"2023-02-26T13:36:05","date_gmt":"2023-02-26T10:36:05","guid":{"rendered":"https:\/\/ekitap.atauni.edu.tr\/?post_type=product&#038;p=4204"},"modified":"2023-02-27T13:42:34","modified_gmt":"2023-02-27T10:42:34","slug":"tanzimattan-cumhuriyete-turkiyede-belediye-binalari","status":"publish","type":"product","link":"https:\/\/ekitap.atauni.edu.tr\/index.php\/product\/tanzimattan-cumhuriyete-turkiyede-belediye-binalari\/","title":{"rendered":"Tanzimat\u2019tan Cumhuriyet\u2019e  T\u00dcRK\u0130YE\u2019DE BELED\u0130YE B\u0130NALARI"},"content":{"rendered":" <img src='https:\/\/ekitap.atauni.edu.tr\/wp-content\/plugins\/dp-post-views\/images\/eyes.png' class='dppv_eyes' width='100' height='100'> 2629","protected":false},"excerpt":{"rendered":"<p class=\"p1\"><b>Yazar:<\/b><\/p>\n<p class=\"p1\">Emre KOLAY<\/p>\n<p>Atat\u00fcrk \u00dcniversitesi Yay\u0131nlar\u0131 No: 1355<\/p>\n<p>ISBN : 978-625-6983-13-7<\/p>\n<p>Yay\u0131n Yeri ve Y\u0131l\u0131: Erzurum, 2023<\/p>\n<p>Sayfa Say\u0131s\u0131: 348<\/p>\n<p><a class=\"vc_btn3 vc_btn3-shape-default btn btn-borders btn-md btn-dark\" href=\"https:\/\/ekitap.atauni.edu.tr\/index.php\/tanzimattan-cumhuriyete\/\" target=\"_blank\" rel=\"noopener noreferrer\">Kitab\u0131 Oku<\/a><\/p>\n","protected":false},"featured_media":4202,"template":"","meta":[],"product_brand":[],"product_cat":[94],"product_tag":[],"class_list":{"0":"post-4204","1":"product","2":"type-product","3":"status-publish","4":"has-post-thumbnail","6":"product_cat-4-sosyal-bilimler","8":"first","9":"instock","10":"shipping-taxable","11":"product-type-simple"},"_links":{"self":[{"href":"https:\/\/ekitap.atauni.edu.tr\/index.php\/wp-json\/wp\/v2\/product\/4204","targetHints":{"allow":["GET"]}}],"collection":[{"href":"https:\/\/ekitap.atauni.edu.tr\/index.php\/wp-json\/wp\/v2\/product"}],"about":[{"href":"https:\/\/ekitap.atauni.edu.tr\/index.php\/wp-json\/wp\/v2\/types\/product"}],"wp:featuredmedia":[{"embeddable":true,"href":"https:\/\/ekitap.atauni.edu.tr\/index.php\/wp-json\/wp\/v2\/media\/4202"}],"wp:attachment":[{"href":"https:\/\/ekitap.atauni.edu.tr\/index.php\/wp-json\/wp\/v2\/media?parent=4204"}],"wp:term":[{"taxonomy":"product_brand","embeddable":true,"href":"https:\/\/ekitap.atauni.edu.tr\/index.php\/wp-json\/wp\/v2\/product_brand?post=4204"},{"taxonomy":"product_cat","embeddable":true,"href":"https:\/\/ekitap.atauni.edu.tr\/index.php\/wp-json\/wp\/v2\/product_cat?post=4204"},{"taxonomy":"product_tag","embeddable":true,"href":"https:\/\/ekitap.atauni.edu.tr\/index.php\/wp-json\/wp\/v2\/product_tag?post=4204"}],"curies":[{"name":"wp","href":"https:\/\/api.w.org\/{rel}","templated":true}]}}