{"id":4180,"date":"2022-12-20T12:25:20","date_gmt":"2022-12-20T09:25:20","guid":{"rendered":"https:\/\/ekitap.atauni.edu.tr\/?post_type=product&#038;p=4180"},"modified":"2022-12-20T12:27:45","modified_gmt":"2022-12-20T09:27:45","slug":"the-2nd-international-scientific-online-symposium-on-current-research-directions-in-language-culture-and-literature-full-texts","status":"publish","type":"product","link":"https:\/\/ekitap.atauni.edu.tr\/index.php\/product\/the-2nd-international-scientific-online-symposium-on-current-research-directions-in-language-culture-and-literature-full-texts\/","title":{"rendered":"THE 2ND INTERNATIONAL SCIENTIFIC ONLINE SYMPOSIUM ON CURRENT RESEARCH DIRECTIONS IN LANGUAGE, CULTURE, AND LITERATURE FULL TEXTS"},"content":{"rendered":" <img src='https:\/\/ekitap.atauni.edu.tr\/wp-content\/plugins\/dp-post-views\/images\/eyes.png' class='dppv_eyes' width='100' height='100'> 1242","protected":false},"excerpt":{"rendered":"<p class=\"p1\">Editor:<\/p>\n<p class=\"p1\">Cansu G\u00dcR<\/p>\n<p>Atat\u00fcrk \u00dcniversitesi Yay\u0131nlar\u0131 No: 1346<\/p>\n<p>ISBN :978-625-6983-04-5<\/p>\n<p>Yay\u0131n Yeri ve Y\u0131l\u0131: Erzurum, 2022<\/p>\n<p>Sayfa Say\u0131s\u0131: 104<\/p>\n<p><a class=\"vc_btn3 vc_btn3-shape-default btn btn-borders btn-md btn-dark\" href=\"https:\/\/ekitap.atauni.edu.tr\/index.php\/the-2nd-international-scientific-online-symposium-on-current-research-directions-in-language-culture-and-literature-full-texts\/\" target=\"_blank\" rel=\"noopener noreferrer\">Kitab\u0131 Oku<\/a><\/p>\n","protected":false},"featured_media":4178,"template":"","meta":[],"product_brand":[],"product_cat":[94],"product_tag":[],"class_list":{"0":"post-4180","1":"product","2":"type-product","3":"status-publish","4":"has-post-thumbnail","6":"product_cat-4-sosyal-bilimler","8":"first","9":"instock","10":"shipping-taxable","11":"product-type-simple"},"_links":{"self":[{"href":"https:\/\/ekitap.atauni.edu.tr\/index.php\/wp-json\/wp\/v2\/product\/4180","targetHints":{"allow":["GET"]}}],"collection":[{"href":"https:\/\/ekitap.atauni.edu.tr\/index.php\/wp-json\/wp\/v2\/product"}],"about":[{"href":"https:\/\/ekitap.atauni.edu.tr\/index.php\/wp-json\/wp\/v2\/types\/product"}],"wp:featuredmedia":[{"embeddable":true,"href":"https:\/\/ekitap.atauni.edu.tr\/index.php\/wp-json\/wp\/v2\/media\/4178"}],"wp:attachment":[{"href":"https:\/\/ekitap.atauni.edu.tr\/index.php\/wp-json\/wp\/v2\/media?parent=4180"}],"wp:term":[{"taxonomy":"product_brand","embeddable":true,"href":"https:\/\/ekitap.atauni.edu.tr\/index.php\/wp-json\/wp\/v2\/product_brand?post=4180"},{"taxonomy":"product_cat","embeddable":true,"href":"https:\/\/ekitap.atauni.edu.tr\/index.php\/wp-json\/wp\/v2\/product_cat?post=4180"},{"taxonomy":"product_tag","embeddable":true,"href":"https:\/\/ekitap.atauni.edu.tr\/index.php\/wp-json\/wp\/v2\/product_tag?post=4180"}],"curies":[{"name":"wp","href":"https:\/\/api.w.org\/{rel}","templated":true}]}}