{"id":4161,"date":"2022-11-21T10:34:40","date_gmt":"2022-11-21T07:34:40","guid":{"rendered":"https:\/\/ekitap.atauni.edu.tr\/?post_type=product&#038;p=4161"},"modified":"2022-11-21T10:37:29","modified_gmt":"2022-11-21T07:37:29","slug":"6-lisansustu-isletme-ogrencileri-sempozyumu-bildiri-ozetleri-kitabi","status":"publish","type":"product","link":"https:\/\/ekitap.atauni.edu.tr\/index.php\/product\/6-lisansustu-isletme-ogrencileri-sempozyumu-bildiri-ozetleri-kitabi\/","title":{"rendered":"6. L\u0130SANS\u00dcST\u00dc \u0130\u015eLETME \u00d6\u011eRENC\u0130LER\u0130 SEMPOZYUMU B\u0130LD\u0130R\u0130 \u00d6ZETLER\u0130 K\u0130TABI"},"content":{"rendered":" <img src='https:\/\/ekitap.atauni.edu.tr\/wp-content\/plugins\/dp-post-views\/images\/eyes.png' class='dppv_eyes' width='100' height='100'> 2088","protected":false},"excerpt":{"rendered":"<p class=\"p1\">Edit\u00f6rler:<\/p>\n<p class=\"p1\">Prof. Dr. Fatih Co\u015fkun ERTA\u015e<\/p>\n<p class=\"p1\">Do\u00e7. Dr. Duygu FINDIK CO\u015eKUN\u00c7AY<\/p>\n<p class=\"p1\">Ar\u015f. G\u00f6r. Musab I\u015eIK<\/p>\n<p>Atat\u00fcrk \u00dcniversitesi Yay\u0131nlar\u0131 No: 1344<\/p>\n<p>ISBN :978-625-7086-02-1<\/p>\n<p>Yay\u0131n Yeri ve Y\u0131l\u0131: Erzurum, 2022<\/p>\n<p>Sayfa Say\u0131s\u0131: 80<\/p>\n<p><a class=\"vc_btn3 vc_btn3-shape-default btn btn-borders btn-md btn-dark\" href=\"https:\/\/ekitap.atauni.edu.tr\/index.php\/lisansustu-isletme-ogrencileri-sempozyumu-bildiri-ozetleri-kitabi\/\" target=\"_blank\" rel=\"noopener noreferrer\">Kitab\u0131 Oku<\/a><\/p>\n","protected":false},"featured_media":4160,"template":"","meta":[],"product_brand":[],"product_cat":[94],"product_tag":[],"class_list":{"0":"post-4161","1":"product","2":"type-product","3":"status-publish","4":"has-post-thumbnail","6":"product_cat-4-sosyal-bilimler","8":"first","9":"instock","10":"shipping-taxable","11":"product-type-simple"},"_links":{"self":[{"href":"https:\/\/ekitap.atauni.edu.tr\/index.php\/wp-json\/wp\/v2\/product\/4161","targetHints":{"allow":["GET"]}}],"collection":[{"href":"https:\/\/ekitap.atauni.edu.tr\/index.php\/wp-json\/wp\/v2\/product"}],"about":[{"href":"https:\/\/ekitap.atauni.edu.tr\/index.php\/wp-json\/wp\/v2\/types\/product"}],"wp:featuredmedia":[{"embeddable":true,"href":"https:\/\/ekitap.atauni.edu.tr\/index.php\/wp-json\/wp\/v2\/media\/4160"}],"wp:attachment":[{"href":"https:\/\/ekitap.atauni.edu.tr\/index.php\/wp-json\/wp\/v2\/media?parent=4161"}],"wp:term":[{"taxonomy":"product_brand","embeddable":true,"href":"https:\/\/ekitap.atauni.edu.tr\/index.php\/wp-json\/wp\/v2\/product_brand?post=4161"},{"taxonomy":"product_cat","embeddable":true,"href":"https:\/\/ekitap.atauni.edu.tr\/index.php\/wp-json\/wp\/v2\/product_cat?post=4161"},{"taxonomy":"product_tag","embeddable":true,"href":"https:\/\/ekitap.atauni.edu.tr\/index.php\/wp-json\/wp\/v2\/product_tag?post=4161"}],"curies":[{"name":"wp","href":"https:\/\/api.w.org\/{rel}","templated":true}]}}