{"id":4117,"date":"2022-09-29T10:58:13","date_gmt":"2022-09-29T07:58:13","guid":{"rendered":"https:\/\/ekitap.atauni.edu.tr\/?post_type=product&#038;p=4117"},"modified":"2022-09-29T11:04:15","modified_gmt":"2022-09-29T08:04:15","slug":"rifki-divani","status":"publish","type":"product","link":"https:\/\/ekitap.atauni.edu.tr\/index.php\/product\/rifki-divani\/","title":{"rendered":"RIFK\u00ce D\u0130VANI"},"content":{"rendered":" <img src='https:\/\/ekitap.atauni.edu.tr\/wp-content\/plugins\/dp-post-views\/images\/eyes.png' class='dppv_eyes' width='100' height='100'> 1643","protected":false},"excerpt":{"rendered":"<p class=\"p1\">Haz\u0131rlayan:<\/p>\n<p class=\"p1\">Dr. Abd\u00fclkerim G\u00dcLHAN<\/p>\n<p>Atat\u00fcrk \u00dcniversitesi Yay\u0131nlar\u0131 No: 1338<\/p>\n<p>ISBN :978-625-7086-97-4<\/p>\n<p>Yay\u0131n Yeri ve Y\u0131l\u0131: Erzurum, 2022<\/p>\n<p>Sayfa Say\u0131s\u0131: 130<\/p>\n<p><a class=\"vc_btn3 vc_btn3-shape-default btn btn-borders btn-md btn-dark\" href=\"https:\/\/ekitap.atauni.edu.tr\/index.php\/rifki-divani\/\" target=\"_blank\" rel=\"noopener noreferrer\">Kitab\u0131 Oku<\/a><\/p>\n","protected":false},"featured_media":4121,"template":"","meta":[],"product_brand":[],"product_cat":[94],"product_tag":[],"class_list":{"0":"post-4117","1":"product","2":"type-product","3":"status-publish","4":"has-post-thumbnail","6":"product_cat-4-sosyal-bilimler","8":"first","9":"instock","10":"shipping-taxable","11":"product-type-simple"},"_links":{"self":[{"href":"https:\/\/ekitap.atauni.edu.tr\/index.php\/wp-json\/wp\/v2\/product\/4117","targetHints":{"allow":["GET"]}}],"collection":[{"href":"https:\/\/ekitap.atauni.edu.tr\/index.php\/wp-json\/wp\/v2\/product"}],"about":[{"href":"https:\/\/ekitap.atauni.edu.tr\/index.php\/wp-json\/wp\/v2\/types\/product"}],"wp:featuredmedia":[{"embeddable":true,"href":"https:\/\/ekitap.atauni.edu.tr\/index.php\/wp-json\/wp\/v2\/media\/4121"}],"wp:attachment":[{"href":"https:\/\/ekitap.atauni.edu.tr\/index.php\/wp-json\/wp\/v2\/media?parent=4117"}],"wp:term":[{"taxonomy":"product_brand","embeddable":true,"href":"https:\/\/ekitap.atauni.edu.tr\/index.php\/wp-json\/wp\/v2\/product_brand?post=4117"},{"taxonomy":"product_cat","embeddable":true,"href":"https:\/\/ekitap.atauni.edu.tr\/index.php\/wp-json\/wp\/v2\/product_cat?post=4117"},{"taxonomy":"product_tag","embeddable":true,"href":"https:\/\/ekitap.atauni.edu.tr\/index.php\/wp-json\/wp\/v2\/product_tag?post=4117"}],"curies":[{"name":"wp","href":"https:\/\/api.w.org\/{rel}","templated":true}]}}