{"id":4106,"date":"2022-09-23T14:07:46","date_gmt":"2022-09-23T11:07:46","guid":{"rendered":"https:\/\/ekitap.atauni.edu.tr\/?post_type=product&#038;p=4106"},"modified":"2022-09-23T14:10:08","modified_gmt":"2022-09-23T11:10:08","slug":"avrupa-birliginin-kamu-diplomasisi-faaliyetleri-ab-bilgi-merkezleri-agi","status":"publish","type":"product","link":"https:\/\/ekitap.atauni.edu.tr\/index.php\/product\/avrupa-birliginin-kamu-diplomasisi-faaliyetleri-ab-bilgi-merkezleri-agi\/","title":{"rendered":"AVRUPA B\u0130RL\u0130\u011e\u0130\u2019N\u0130N KAMU D\u0130PLOMAS\u0130S\u0130 FAAL\u0130YETLER\u0130: AB B\u0130LG\u0130 MERKEZLER\u0130 A\u011eI"},"content":{"rendered":" <img src='https:\/\/ekitap.atauni.edu.tr\/wp-content\/plugins\/dp-post-views\/images\/eyes.png' class='dppv_eyes' width='100' height='100'> 2757","protected":false},"excerpt":{"rendered":"<p class=\"p1\">Yazar:<\/p>\n<p class=\"p1\">Dr. Elifnur TERZ\u0130O\u011eLU<\/p>\n<p>Atat\u00fcrk \u00dcniversitesi Yay\u0131nlar\u0131 No: 1336<\/p>\n<p>ISBN :978-625-7086-94-3<\/p>\n<p>Yay\u0131n Yeri ve Y\u0131l\u0131: Erzurum, 2022<\/p>\n<p>Sayfa Say\u0131s\u0131: 166<\/p>\n<p><a class=\"vc_btn3 vc_btn3-shape-default btn btn-borders btn-md btn-dark\" href=\"https:\/\/ekitap.atauni.edu.tr\/index.php\/avrupa-birliginin-kamu-diplomasisi-faaliyetleri\/\" target=\"_blank\" rel=\"noopener noreferrer\">Kitab\u0131 Oku<\/a><\/p>\n","protected":false},"featured_media":4101,"template":"","meta":[],"product_brand":[],"product_cat":[94],"product_tag":[],"class_list":{"0":"post-4106","1":"product","2":"type-product","3":"status-publish","4":"has-post-thumbnail","6":"product_cat-4-sosyal-bilimler","8":"first","9":"instock","10":"shipping-taxable","11":"product-type-simple"},"_links":{"self":[{"href":"https:\/\/ekitap.atauni.edu.tr\/index.php\/wp-json\/wp\/v2\/product\/4106","targetHints":{"allow":["GET"]}}],"collection":[{"href":"https:\/\/ekitap.atauni.edu.tr\/index.php\/wp-json\/wp\/v2\/product"}],"about":[{"href":"https:\/\/ekitap.atauni.edu.tr\/index.php\/wp-json\/wp\/v2\/types\/product"}],"wp:featuredmedia":[{"embeddable":true,"href":"https:\/\/ekitap.atauni.edu.tr\/index.php\/wp-json\/wp\/v2\/media\/4101"}],"wp:attachment":[{"href":"https:\/\/ekitap.atauni.edu.tr\/index.php\/wp-json\/wp\/v2\/media?parent=4106"}],"wp:term":[{"taxonomy":"product_brand","embeddable":true,"href":"https:\/\/ekitap.atauni.edu.tr\/index.php\/wp-json\/wp\/v2\/product_brand?post=4106"},{"taxonomy":"product_cat","embeddable":true,"href":"https:\/\/ekitap.atauni.edu.tr\/index.php\/wp-json\/wp\/v2\/product_cat?post=4106"},{"taxonomy":"product_tag","embeddable":true,"href":"https:\/\/ekitap.atauni.edu.tr\/index.php\/wp-json\/wp\/v2\/product_tag?post=4106"}],"curies":[{"name":"wp","href":"https:\/\/api.w.org\/{rel}","templated":true}]}}