{"id":4036,"date":"2022-06-20T10:20:09","date_gmt":"2022-06-20T07:20:09","guid":{"rendered":"https:\/\/ekitap.atauni.edu.tr\/?post_type=product&#038;p=4036"},"modified":"2023-02-27T13:38:02","modified_gmt":"2023-02-27T10:38:02","slug":"uluslararasi-iliskiler-lisansustu-ogrenci-kongresi-the-1st-international-relations-postgraduate-congress-ozet-metin-kitapcigi-abstract-book","status":"publish","type":"product","link":"https:\/\/ekitap.atauni.edu.tr\/index.php\/product\/uluslararasi-iliskiler-lisansustu-ogrenci-kongresi-the-1st-international-relations-postgraduate-congress-ozet-metin-kitapcigi-abstract-book\/","title":{"rendered":"ULUSLARARASI \u0130L\u0130\u015eK\u0130LER L\u0130SANS\u00dcST\u00dc \u00d6\u011eRENC\u0130 KONGRES\u0130 THE 1st INTERNATIONAL RELATIONS POSTGRADUATE CONGRESS \u00d6ZET MET\u0130N K\u0130TAP\u00c7I\u011eI ABSTRACT BOOK"},"content":{"rendered":" <img src='https:\/\/ekitap.atauni.edu.tr\/wp-content\/plugins\/dp-post-views\/images\/eyes.png' class='dppv_eyes' width='100' height='100'> 1108","protected":false},"excerpt":{"rendered":"<p class=\"p1\">Edit\u00f6rler \/ Editors:<\/p>\n<p class=\"p1\">Dr. Mustafa Tayfun \u00dcST\u00dcN<\/p>\n<p class=\"p1\">Dr. M\u00fcge Y\u00dcCE<\/p>\n<p>Atat\u00fcrk \u00dcniversitesi Yay\u0131nlar\u0131 No: 1328<\/p>\n<p>ISBN :978-625-7086-86-8<\/p>\n<p>Yay\u0131n Yeri ve Y\u0131l\u0131: Erzurum, 2022<\/p>\n<p>Sayfa Say\u0131s\u0131: 78<\/p>\n<p><a class=\"vc_btn3 vc_btn3-shape-default btn btn-borders btn-md btn-dark\" href=\"https:\/\/ekitap.atauni.edu.tr\/index.php\/uluslararasi-iliskiler-lisansustu-ogrenci-kongresi-the-1st-international-relations-postgraduate-congress-ozet-metin-kitapcigi-abstract-book\/\" target=\"_blank\" rel=\"noopener noreferrer\">Kitab\u0131 Oku<\/a><\/p>\n","protected":false},"featured_media":4033,"template":"","meta":[],"product_brand":[],"product_cat":[94],"product_tag":[],"class_list":{"0":"post-4036","1":"product","2":"type-product","3":"status-publish","4":"has-post-thumbnail","6":"product_cat-4-sosyal-bilimler","8":"first","9":"instock","10":"shipping-taxable","11":"product-type-simple"},"_links":{"self":[{"href":"https:\/\/ekitap.atauni.edu.tr\/index.php\/wp-json\/wp\/v2\/product\/4036","targetHints":{"allow":["GET"]}}],"collection":[{"href":"https:\/\/ekitap.atauni.edu.tr\/index.php\/wp-json\/wp\/v2\/product"}],"about":[{"href":"https:\/\/ekitap.atauni.edu.tr\/index.php\/wp-json\/wp\/v2\/types\/product"}],"wp:featuredmedia":[{"embeddable":true,"href":"https:\/\/ekitap.atauni.edu.tr\/index.php\/wp-json\/wp\/v2\/media\/4033"}],"wp:attachment":[{"href":"https:\/\/ekitap.atauni.edu.tr\/index.php\/wp-json\/wp\/v2\/media?parent=4036"}],"wp:term":[{"taxonomy":"product_brand","embeddable":true,"href":"https:\/\/ekitap.atauni.edu.tr\/index.php\/wp-json\/wp\/v2\/product_brand?post=4036"},{"taxonomy":"product_cat","embeddable":true,"href":"https:\/\/ekitap.atauni.edu.tr\/index.php\/wp-json\/wp\/v2\/product_cat?post=4036"},{"taxonomy":"product_tag","embeddable":true,"href":"https:\/\/ekitap.atauni.edu.tr\/index.php\/wp-json\/wp\/v2\/product_tag?post=4036"}],"curies":[{"name":"wp","href":"https:\/\/api.w.org\/{rel}","templated":true}]}}