{"id":3994,"date":"2022-04-04T14:44:58","date_gmt":"2022-04-04T11:44:58","guid":{"rendered":"https:\/\/ekitap.atauni.edu.tr\/?post_type=product&#038;p=3994"},"modified":"2022-04-04T14:56:10","modified_gmt":"2022-04-04T11:56:10","slug":"muhendisler-ve-fen-bilimciler-icin-fizik-elektrik-ve-manyetizma-problem-cozumleri","status":"publish","type":"product","link":"https:\/\/ekitap.atauni.edu.tr\/index.php\/product\/muhendisler-ve-fen-bilimciler-icin-fizik-elektrik-ve-manyetizma-problem-cozumleri\/","title":{"rendered":"M\u00dcHEND\u0130SLER VE FEN B\u0130L\u0130MC\u0130LER \u0130\u00c7\u0130N F\u0130Z\u0130K ELEKTR\u0130K VE MANYET\u0130ZMA PROBLEM \u00c7\u00d6Z\u00dcMLER\u0130"},"content":{"rendered":" <img src='https:\/\/ekitap.atauni.edu.tr\/wp-content\/plugins\/dp-post-views\/images\/eyes.png' class='dppv_eyes' width='100' height='100'> 5306","protected":false},"excerpt":{"rendered":"<p class=\"p1\">Yazarlar:<\/p>\n<p class=\"p1\">Yusuf \u015eAH\u0130N<\/p>\n<p class=\"p1\">Muhammet YILDIRIM<\/p>\n<p class=\"p1\">Elif BOYDA\u015e<\/p>\n<p class=\"p1\">Demet YILMAZ<\/p>\n<p class=\"p1\">S\u00f6ng\u00fcl DUMAN<\/p>\n<p class=\"p1\">L\u00fctf\u00fc DEM\u0130R<\/p>\n<p class=\"p1\">Pa\u015fa YAL\u00c7IN<\/p>\n<p>Atat\u00fcrk \u00dcniversitesi Yay\u0131nlar\u0131 No: 1322<\/p>\n<p>ISBN :978-625-7086-80-6<\/p>\n<p>Yay\u0131n Yeri ve Y\u0131l\u0131: Erzurum, 2022<\/p>\n<p>Sayfa Say\u0131s\u0131: 187<\/p>\n<p><a class=\"vc_btn3 vc_btn3-shape-default btn btn-borders btn-md btn-dark\" href=\"https:\/\/ekitap.atauni.edu.tr\/index.php\/https-ekitap-atauni-edu-tr-wp-content-uploads-2022-04-fizik-5-2-pdf\/\" target=\"_blank\" rel=\"noopener noreferrer\">Kitab\u0131 Oku<\/a><\/p>\n<div class=\"vc_btn3-container vc_btn3-inline\" style=\"border: 2px solid #0f0e4f; padding: 5px;\">Okuma Say\u0131s\u0131Array <img src='https:\/\/ekitap.atauni.edu.tr\/wp-content\/plugins\/dp-post-views\/images\/eyes.png' class='dppv_eyes' width='100' height='100'> 5306<\/div>\n","protected":false},"featured_media":3995,"template":"","meta":[],"product_brand":[],"product_cat":[86],"product_tag":[],"class_list":{"0":"post-3994","1":"product","2":"type-product","3":"status-publish","4":"has-post-thumbnail","6":"product_cat-2-fen-ve-muhendislik","8":"first","9":"instock","10":"shipping-taxable","11":"product-type-simple"},"_links":{"self":[{"href":"https:\/\/ekitap.atauni.edu.tr\/index.php\/wp-json\/wp\/v2\/product\/3994","targetHints":{"allow":["GET"]}}],"collection":[{"href":"https:\/\/ekitap.atauni.edu.tr\/index.php\/wp-json\/wp\/v2\/product"}],"about":[{"href":"https:\/\/ekitap.atauni.edu.tr\/index.php\/wp-json\/wp\/v2\/types\/product"}],"wp:featuredmedia":[{"embeddable":true,"href":"https:\/\/ekitap.atauni.edu.tr\/index.php\/wp-json\/wp\/v2\/media\/3995"}],"wp:attachment":[{"href":"https:\/\/ekitap.atauni.edu.tr\/index.php\/wp-json\/wp\/v2\/media?parent=3994"}],"wp:term":[{"taxonomy":"product_brand","embeddable":true,"href":"https:\/\/ekitap.atauni.edu.tr\/index.php\/wp-json\/wp\/v2\/product_brand?post=3994"},{"taxonomy":"product_cat","embeddable":true,"href":"https:\/\/ekitap.atauni.edu.tr\/index.php\/wp-json\/wp\/v2\/product_cat?post=3994"},{"taxonomy":"product_tag","embeddable":true,"href":"https:\/\/ekitap.atauni.edu.tr\/index.php\/wp-json\/wp\/v2\/product_tag?post=3994"}],"curies":[{"name":"wp","href":"https:\/\/api.w.org\/{rel}","templated":true}]}}