{"id":3982,"date":"2022-03-24T11:28:43","date_gmt":"2022-03-24T08:28:43","guid":{"rendered":"https:\/\/ekitap.atauni.edu.tr\/?post_type=product&#038;p=3982"},"modified":"2022-03-25T14:43:12","modified_gmt":"2022-03-25T11:43:12","slug":"international-congress-of-multidisciplinary-studies-in-health-sciences-congress-book","status":"publish","type":"product","link":"https:\/\/ekitap.atauni.edu.tr\/index.php\/product\/international-congress-of-multidisciplinary-studies-in-health-sciences-congress-book\/","title":{"rendered":"INTERNATIONAL CONGRESS OF MULTIDISCIPLINARY STUDIES IN HEALTH SCIENCES CONGRESS BOOK"},"content":{"rendered":" <img src='https:\/\/ekitap.atauni.edu.tr\/wp-content\/plugins\/dp-post-views\/images\/eyes.png' class='dppv_eyes' width='100' height='100'> 1853","protected":false},"excerpt":{"rendered":"<p class=\"p1\">Editors:<\/p>\n<p class=\"p1\">Prof. Y\u00fccel KADIO\u011eLU<\/p>\n<p class=\"p1\">Assoc.Prof. Nurcan KILI\u00c7 BAYGUTALP<\/p>\n<p>Atat\u00fcrk \u00dcniversitesi Yay\u0131nlar\u0131 No: 1320<\/p>\n<p>ISBN :978-625-7086-78-3<\/p>\n<p>Yay\u0131n Yeri ve Y\u0131l\u0131: Erzurum, 2022<\/p>\n<p>Sayfa Say\u0131s\u0131: 478<\/p>\n<p><a class=\"vc_btn3 vc_btn3-shape-default btn btn-borders btn-md btn-dark\" href=\"https:\/\/ekitap.atauni.edu.tr\/index.php\/1st-international-congress-on-natural-sciences-icnas-2021-abstract-and-full-text-congress-book-3\/\" target=\"_blank\" rel=\"noopener noreferrer\">Kitab\u0131 Oku<\/a><\/p>\n<div class=\"vc_btn3-container vc_btn3-inline\" style=\"border: 2px solid #0f0e4f; padding: 5px;\">Okuma Say\u0131s\u0131Array <img src='https:\/\/ekitap.atauni.edu.tr\/wp-content\/plugins\/dp-post-views\/images\/eyes.png' class='dppv_eyes' width='100' height='100'> 1853<\/div>\n","protected":false},"featured_media":3983,"template":"","meta":[],"product_brand":[],"product_cat":[88],"product_tag":[],"class_list":{"0":"post-3982","1":"product","2":"type-product","3":"status-publish","4":"has-post-thumbnail","6":"product_cat-7-tip","8":"first","9":"instock","10":"shipping-taxable","11":"product-type-simple"},"_links":{"self":[{"href":"https:\/\/ekitap.atauni.edu.tr\/index.php\/wp-json\/wp\/v2\/product\/3982","targetHints":{"allow":["GET"]}}],"collection":[{"href":"https:\/\/ekitap.atauni.edu.tr\/index.php\/wp-json\/wp\/v2\/product"}],"about":[{"href":"https:\/\/ekitap.atauni.edu.tr\/index.php\/wp-json\/wp\/v2\/types\/product"}],"wp:featuredmedia":[{"embeddable":true,"href":"https:\/\/ekitap.atauni.edu.tr\/index.php\/wp-json\/wp\/v2\/media\/3983"}],"wp:attachment":[{"href":"https:\/\/ekitap.atauni.edu.tr\/index.php\/wp-json\/wp\/v2\/media?parent=3982"}],"wp:term":[{"taxonomy":"product_brand","embeddable":true,"href":"https:\/\/ekitap.atauni.edu.tr\/index.php\/wp-json\/wp\/v2\/product_brand?post=3982"},{"taxonomy":"product_cat","embeddable":true,"href":"https:\/\/ekitap.atauni.edu.tr\/index.php\/wp-json\/wp\/v2\/product_cat?post=3982"},{"taxonomy":"product_tag","embeddable":true,"href":"https:\/\/ekitap.atauni.edu.tr\/index.php\/wp-json\/wp\/v2\/product_tag?post=3982"}],"curies":[{"name":"wp","href":"https:\/\/api.w.org\/{rel}","templated":true}]}}