{"id":3958,"date":"2022-03-14T16:25:09","date_gmt":"2022-03-14T13:25:09","guid":{"rendered":"https:\/\/ekitap.atauni.edu.tr\/?post_type=product&#038;p=3958"},"modified":"2022-03-14T21:05:15","modified_gmt":"2022-03-14T18:05:15","slug":"uluslararasi-beseri-ve-sosyal-bilimler-kongresi-bildiriler-kitabi","status":"publish","type":"product","link":"https:\/\/ekitap.atauni.edu.tr\/index.php\/product\/uluslararasi-beseri-ve-sosyal-bilimler-kongresi-bildiriler-kitabi\/","title":{"rendered":"ULUSLARARASI BE\u015eER\u0130 ve SOSYAL B\u0130L\u0130MLER KONGRES\u0130 B\u0130LD\u0130R\u0130LER K\u0130TABI"},"content":{"rendered":" <img src='https:\/\/ekitap.atauni.edu.tr\/wp-content\/plugins\/dp-post-views\/images\/eyes.png' class='dppv_eyes' width='100' height='100'> 3369","protected":false},"excerpt":{"rendered":"<p class=\"p1\">Edit\u00f6rler:<\/p>\n<p class=\"p1\">Prof. Dr. Cavit YE\u015e\u0130LYURT<\/p>\n<p class=\"p1\">Do\u00e7. Dr. Tuncer G\u00d6VDEL\u0130<\/p>\n<p class=\"p1\">Do\u00e7. Dr. F\u0131rat ALTINKAYNAK<\/p>\n<p class=\"p1\">Dr. \u00d6\u011fr. \u00dcyesi Esra KARAKU\u015e UMAR<\/p>\n<p class=\"p1\">Do\u00e7. Dr. Meheddin \u0130SP\u0130R<\/p>\n<p>Atat\u00fcrk \u00dcniversitesi Yay\u0131nlar\u0131 No: 1291<\/p>\n<p>ISBN :978-625-7086-47-9<\/p>\n<p>Yay\u0131n Yeri ve Y\u0131l\u0131: Erzurum, 2021<\/p>\n<p>Sayfa Say\u0131s\u0131: 612<\/p>\n<p><a class=\"vc_btn3 vc_btn3-shape-default btn btn-borders btn-md btn-dark\" href=\"https:\/\/ekitap.atauni.edu.tr\/index.php\/uluslararasi-beseri-ve-sosyal-bilimler-kongresi-bildiriler-kitabi\/\" target=\"_blank\" rel=\"noopener noreferrer\">Kitab\u0131 Oku<\/a><\/p>\n<div class=\"vc_btn3-container vc_btn3-inline\" style=\"border: 2px solid #0f0e4f; padding: 5px;\">Okuma Say\u0131s\u0131Array <img src='https:\/\/ekitap.atauni.edu.tr\/wp-content\/plugins\/dp-post-views\/images\/eyes.png' class='dppv_eyes' width='100' height='100'> 3369<\/div>\n","protected":false},"featured_media":3959,"template":"","meta":[],"product_brand":[],"product_cat":[94],"product_tag":[],"class_list":{"0":"post-3958","1":"product","2":"type-product","3":"status-publish","4":"has-post-thumbnail","6":"product_cat-4-sosyal-bilimler","8":"first","9":"instock","10":"shipping-taxable","11":"product-type-simple"},"_links":{"self":[{"href":"https:\/\/ekitap.atauni.edu.tr\/index.php\/wp-json\/wp\/v2\/product\/3958","targetHints":{"allow":["GET"]}}],"collection":[{"href":"https:\/\/ekitap.atauni.edu.tr\/index.php\/wp-json\/wp\/v2\/product"}],"about":[{"href":"https:\/\/ekitap.atauni.edu.tr\/index.php\/wp-json\/wp\/v2\/types\/product"}],"wp:featuredmedia":[{"embeddable":true,"href":"https:\/\/ekitap.atauni.edu.tr\/index.php\/wp-json\/wp\/v2\/media\/3959"}],"wp:attachment":[{"href":"https:\/\/ekitap.atauni.edu.tr\/index.php\/wp-json\/wp\/v2\/media?parent=3958"}],"wp:term":[{"taxonomy":"product_brand","embeddable":true,"href":"https:\/\/ekitap.atauni.edu.tr\/index.php\/wp-json\/wp\/v2\/product_brand?post=3958"},{"taxonomy":"product_cat","embeddable":true,"href":"https:\/\/ekitap.atauni.edu.tr\/index.php\/wp-json\/wp\/v2\/product_cat?post=3958"},{"taxonomy":"product_tag","embeddable":true,"href":"https:\/\/ekitap.atauni.edu.tr\/index.php\/wp-json\/wp\/v2\/product_tag?post=3958"}],"curies":[{"name":"wp","href":"https:\/\/api.w.org\/{rel}","templated":true}]}}