{"id":3844,"date":"2021-12-27T14:52:01","date_gmt":"2021-12-27T11:52:01","guid":{"rendered":"https:\/\/ekitap.atauni.edu.tr\/?post_type=product&#038;p=3844"},"modified":"2022-02-07T16:12:09","modified_gmt":"2022-02-07T13:12:09","slug":"goc-olgusunun-modern-arap-edebiyatina-etkileri-uluslararasi-sempozyum-bildiriler-kitabi","status":"publish","type":"product","link":"https:\/\/ekitap.atauni.edu.tr\/index.php\/product\/goc-olgusunun-modern-arap-edebiyatina-etkileri-uluslararasi-sempozyum-bildiriler-kitabi\/","title":{"rendered":"G\u00d6\u00c7 OLGUSUNUN MODERN ARAP EDEB\u0130YATINA ETK\u0130LER\u0130 ULUSLARARASI  SEMPOZYUM B\u0130LD\u0130R\u0130LER K\u0130TABI"},"content":{"rendered":" <img src='https:\/\/ekitap.atauni.edu.tr\/wp-content\/plugins\/dp-post-views\/images\/eyes.png' class='dppv_eyes' width='100' height='100'> 2154","protected":false},"excerpt":{"rendered":"<p class=\"p1\">Edit\u00f6rler:<\/p>\n<p class=\"p1\">Do\u00e7. Dr. \u0130lknur EMEKL\u0130<\/p>\n<p class=\"p1\">Do\u00e7. Dr. Asuman G\u00d6KHAN<\/p>\n<p>Atat\u00fcrk \u00dcniversitesi Yay\u0131nlar\u0131 No: 1301<\/p>\n<p>ISBN : 978-625-7086-57-8<\/p>\n<p>Yay\u0131n Yeri ve Y\u0131l\u0131: Erzurum, 2021<\/p>\n<p>Sayfa Say\u0131s\u0131: 194<\/p>\n<p><a class=\"vc_btn3 vc_btn3-shape-default btn btn-borders btn-md btn-dark\" href=\"https:\/\/ekitap.atauni.edu.tr\/index.php\/goc-olgusunun-modern-arap-edebiyatina-etkileri-uluslararasi-sempozyum-bildiriler-kitabi\/\" target=\"_blank\" rel=\"noopener noreferrer\">Kitab\u0131 Oku<\/a><\/p>\n<div class=\"vc_btn3-container vc_btn3-inline\" style=\"border: 2px solid #0f0e4f; padding: 5px;\">Okuma Say\u0131s\u0131Array <img src='https:\/\/ekitap.atauni.edu.tr\/wp-content\/plugins\/dp-post-views\/images\/eyes.png' class='dppv_eyes' width='100' height='100'> 2154<\/div>\n","protected":false},"featured_media":3912,"template":"","meta":[],"product_brand":[],"product_cat":[94],"product_tag":[],"class_list":{"0":"post-3844","1":"product","2":"type-product","3":"status-publish","4":"has-post-thumbnail","6":"product_cat-4-sosyal-bilimler","8":"first","9":"instock","10":"shipping-taxable","11":"product-type-simple"},"_links":{"self":[{"href":"https:\/\/ekitap.atauni.edu.tr\/index.php\/wp-json\/wp\/v2\/product\/3844","targetHints":{"allow":["GET"]}}],"collection":[{"href":"https:\/\/ekitap.atauni.edu.tr\/index.php\/wp-json\/wp\/v2\/product"}],"about":[{"href":"https:\/\/ekitap.atauni.edu.tr\/index.php\/wp-json\/wp\/v2\/types\/product"}],"wp:featuredmedia":[{"embeddable":true,"href":"https:\/\/ekitap.atauni.edu.tr\/index.php\/wp-json\/wp\/v2\/media\/3912"}],"wp:attachment":[{"href":"https:\/\/ekitap.atauni.edu.tr\/index.php\/wp-json\/wp\/v2\/media?parent=3844"}],"wp:term":[{"taxonomy":"product_brand","embeddable":true,"href":"https:\/\/ekitap.atauni.edu.tr\/index.php\/wp-json\/wp\/v2\/product_brand?post=3844"},{"taxonomy":"product_cat","embeddable":true,"href":"https:\/\/ekitap.atauni.edu.tr\/index.php\/wp-json\/wp\/v2\/product_cat?post=3844"},{"taxonomy":"product_tag","embeddable":true,"href":"https:\/\/ekitap.atauni.edu.tr\/index.php\/wp-json\/wp\/v2\/product_tag?post=3844"}],"curies":[{"name":"wp","href":"https:\/\/api.w.org\/{rel}","templated":true}]}}