{"id":3768,"date":"2021-12-13T12:16:40","date_gmt":"2021-12-13T09:16:40","guid":{"rendered":"https:\/\/ekitap.atauni.edu.tr\/?post_type=product&#038;p=3768"},"modified":"2022-02-10T10:37:24","modified_gmt":"2022-02-10T07:37:24","slug":"ogrencilerin-cevre-kirliligi-algi-duzeyinin-arastirilmasi-dogu-anadolu-bolgesi-ornegi","status":"publish","type":"product","link":"https:\/\/ekitap.atauni.edu.tr\/index.php\/product\/ogrencilerin-cevre-kirliligi-algi-duzeyinin-arastirilmasi-dogu-anadolu-bolgesi-ornegi\/","title":{"rendered":"\u00d6\u011eRENC\u0130LER\u0130N \u00c7EVRE K\u0130RL\u0130L\u0130\u011e\u0130 ALGI D\u00dcZEY\u0130N\u0130N ARA\u015eTIRILMASI  DO\u011eU ANADOLU B\u00d6LGES\u0130 \u00d6RNE\u011e\u0130"},"content":{"rendered":" <img src='https:\/\/ekitap.atauni.edu.tr\/wp-content\/plugins\/dp-post-views\/images\/eyes.png' class='dppv_eyes' width='100' height='100'> 1633","protected":false},"excerpt":{"rendered":"<p class=\"p1\">Yazarlar:<br \/>\nDo\u00e7. Dr. Hakan EYG\u00dc<\/p>\n<p class=\"p1\">Prof. Dr. Erkan OKTAY<\/p>\n<p class=\"p1\">Ar\u015f. G\u00f6r. Enzel \u00d6ZGEN\u00c7 OSMANO\u011eLU<\/p>\n<p>Atat\u00fcrk \u00dcniversitesi Yay\u0131nlar\u0131 No: 1290<\/p>\n<p>ISBN : 978-625-7086-46-2<\/p>\n<p>Yay\u0131n Yeri ve Y\u0131l\u0131: Erzurum, 2021<\/p>\n<p>Sayfa Say\u0131s\u0131: 268<\/p>\n<p><a class=\"vc_btn3 vc_btn3-shape-default btn btn-borders btn-md btn-dark\" href=\"https:\/\/ekitap.atauni.edu.tr\/index.php\/ogrencilerin-cevre-kirliligi-algi-duzeyinin-arastirilmasi-dogu-anadolu-bolgesi-ornegi\/\" target=\"_blank\" rel=\"noopener noreferrer\">Kitab\u0131 Oku<\/a><\/p>\n<div class=\"vc_btn3-container vc_btn3-inline\" style=\"border: 2px solid #0f0e4f; padding: 5px;\">Okuma Say\u0131s\u0131Array <img src='https:\/\/ekitap.atauni.edu.tr\/wp-content\/plugins\/dp-post-views\/images\/eyes.png' class='dppv_eyes' width='100' height='100'> 1633<\/div>\n","protected":false},"featured_media":3917,"template":"","meta":[],"product_brand":[],"product_cat":[94],"product_tag":[],"class_list":{"0":"post-3768","1":"product","2":"type-product","3":"status-publish","4":"has-post-thumbnail","6":"product_cat-4-sosyal-bilimler","8":"first","9":"instock","10":"shipping-taxable","11":"product-type-simple"},"_links":{"self":[{"href":"https:\/\/ekitap.atauni.edu.tr\/index.php\/wp-json\/wp\/v2\/product\/3768","targetHints":{"allow":["GET"]}}],"collection":[{"href":"https:\/\/ekitap.atauni.edu.tr\/index.php\/wp-json\/wp\/v2\/product"}],"about":[{"href":"https:\/\/ekitap.atauni.edu.tr\/index.php\/wp-json\/wp\/v2\/types\/product"}],"wp:featuredmedia":[{"embeddable":true,"href":"https:\/\/ekitap.atauni.edu.tr\/index.php\/wp-json\/wp\/v2\/media\/3917"}],"wp:attachment":[{"href":"https:\/\/ekitap.atauni.edu.tr\/index.php\/wp-json\/wp\/v2\/media?parent=3768"}],"wp:term":[{"taxonomy":"product_brand","embeddable":true,"href":"https:\/\/ekitap.atauni.edu.tr\/index.php\/wp-json\/wp\/v2\/product_brand?post=3768"},{"taxonomy":"product_cat","embeddable":true,"href":"https:\/\/ekitap.atauni.edu.tr\/index.php\/wp-json\/wp\/v2\/product_cat?post=3768"},{"taxonomy":"product_tag","embeddable":true,"href":"https:\/\/ekitap.atauni.edu.tr\/index.php\/wp-json\/wp\/v2\/product_tag?post=3768"}],"curies":[{"name":"wp","href":"https:\/\/api.w.org\/{rel}","templated":true}]}}