{"id":3745,"date":"2021-12-07T14:29:59","date_gmt":"2021-12-07T11:29:59","guid":{"rendered":"https:\/\/ekitap.atauni.edu.tr\/?post_type=product&#038;p=3745"},"modified":"2022-02-28T09:44:34","modified_gmt":"2022-02-28T06:44:34","slug":"uluslararasi-istiklal-marsinin-kabulunun-100-yili-ve-turk-dunyasi-edebiyatlarinda-hurriyet-fikri-sempozyumu","status":"publish","type":"product","link":"https:\/\/ekitap.atauni.edu.tr\/index.php\/product\/uluslararasi-istiklal-marsinin-kabulunun-100-yili-ve-turk-dunyasi-edebiyatlarinda-hurriyet-fikri-sempozyumu\/","title":{"rendered":"ULUSLARARASI \u0130ST\u0130KL\u00c2L MAR\u015eI\u2019NIN KABUL\u00dcN\u00dcN 100. YILI ve T\u00dcRK D\u00dcNYASI EDEB\u0130YATLARINDA H\u00dcRR\u0130YET F\u0130KR\u0130 SEMPOZYUMU"},"content":{"rendered":" <img src='https:\/\/ekitap.atauni.edu.tr\/wp-content\/plugins\/dp-post-views\/images\/eyes.png' class='dppv_eyes' width='100' height='100'> 2212","protected":false},"excerpt":{"rendered":"<p class=\"p1\">Edit\u00f6rler:<\/p>\n<p class=\"p1\">Prof. Dr. Sedat ADIG\u00dcZEL<\/p>\n<p class=\"p1\">Prof Dr. H\u00fcseyin BAYDEM\u0130R<\/p>\n<p class=\"p1\">Do\u00e7. Dr. Mayramg\u00fcl DIYKANBAY<\/p>\n<p class=\"p1\">Dr. \u00d6\u011fr. \u00dcyesi Nursan ILDIRI<\/p>\n<p>Atat\u00fcrk \u00dcniversitesi Yay\u0131nlar\u0131 No: 1288<\/p>\n<p>ISBN : 978-625-7086-44-8<\/p>\n<p>Yay\u0131n Yeri ve Y\u0131l\u0131: Erzurum, 2021<\/p>\n<p>Sayfa Say\u0131s\u0131: 538<\/p>\n<p><a class=\"vc_btn3 vc_btn3-shape-default btn btn-borders btn-md btn-dark\" href=\"https:\/\/ekitap.atauni.edu.tr\/index.php\/uluslararasi-istiklal-marsinin-kabulunun-100-yili-ve-turk-dunyasi-edebiyatlarinda-hurriyet-fikri-sempozyumu\/\" target=\"_blank\" rel=\"noopener noreferrer\">Kitab\u0131 Oku<\/a><\/p>\n<div class=\"vc_btn3-container vc_btn3-inline\" style=\"border: 2px solid #0f0e4f; padding: 5px;\">Okuma Say\u0131s\u0131Array <img src='https:\/\/ekitap.atauni.edu.tr\/wp-content\/plugins\/dp-post-views\/images\/eyes.png' class='dppv_eyes' width='100' height='100'> 2212<\/div>\n","protected":false},"featured_media":3919,"template":"","meta":[],"product_brand":[],"product_cat":[94],"product_tag":[],"class_list":{"0":"post-3745","1":"product","2":"type-product","3":"status-publish","4":"has-post-thumbnail","6":"product_cat-4-sosyal-bilimler","8":"first","9":"instock","10":"shipping-taxable","11":"product-type-simple"},"_links":{"self":[{"href":"https:\/\/ekitap.atauni.edu.tr\/index.php\/wp-json\/wp\/v2\/product\/3745","targetHints":{"allow":["GET"]}}],"collection":[{"href":"https:\/\/ekitap.atauni.edu.tr\/index.php\/wp-json\/wp\/v2\/product"}],"about":[{"href":"https:\/\/ekitap.atauni.edu.tr\/index.php\/wp-json\/wp\/v2\/types\/product"}],"wp:featuredmedia":[{"embeddable":true,"href":"https:\/\/ekitap.atauni.edu.tr\/index.php\/wp-json\/wp\/v2\/media\/3919"}],"wp:attachment":[{"href":"https:\/\/ekitap.atauni.edu.tr\/index.php\/wp-json\/wp\/v2\/media?parent=3745"}],"wp:term":[{"taxonomy":"product_brand","embeddable":true,"href":"https:\/\/ekitap.atauni.edu.tr\/index.php\/wp-json\/wp\/v2\/product_brand?post=3745"},{"taxonomy":"product_cat","embeddable":true,"href":"https:\/\/ekitap.atauni.edu.tr\/index.php\/wp-json\/wp\/v2\/product_cat?post=3745"},{"taxonomy":"product_tag","embeddable":true,"href":"https:\/\/ekitap.atauni.edu.tr\/index.php\/wp-json\/wp\/v2\/product_tag?post=3745"}],"curies":[{"name":"wp","href":"https:\/\/api.w.org\/{rel}","templated":true}]}}