{"id":3733,"date":"2021-12-04T12:22:33","date_gmt":"2021-12-04T09:22:33","guid":{"rendered":"https:\/\/ekitap.atauni.edu.tr\/?post_type=product&#038;p=3733"},"modified":"2022-02-10T10:39:17","modified_gmt":"2022-02-10T07:39:17","slug":"kovid-19-ve-dini-basa-cikma-yalnizlik-umutsuzluk-hayatin-anlami-ve-kader-algisi-uygulamali-calisma","status":"publish","type":"product","link":"https:\/\/ekitap.atauni.edu.tr\/index.php\/product\/kovid-19-ve-dini-basa-cikma-yalnizlik-umutsuzluk-hayatin-anlami-ve-kader-algisi-uygulamali-calisma\/","title":{"rendered":"KOV\u0130D-19 (COVID-19) ve D\u0130N\u0130 BA\u015eA \u00c7IKMA Yaln\u0131zl\u0131k, Umutsuzluk, Hayat\u0131n Anlam\u0131 ve Kader Alg\u0131s\u0131"},"content":{"rendered":" <img src='https:\/\/ekitap.atauni.edu.tr\/wp-content\/plugins\/dp-post-views\/images\/eyes.png' class='dppv_eyes' width='100' height='100'> 2928","protected":false},"excerpt":{"rendered":"<p>Yazarlar:<\/p>\n<p class=\"p1\">Do\u00e7. Dr. Muhammed KIZILGE\u00c7\u0130T<\/p>\n<p class=\"p1\">Do\u00e7. Dr. \u0130smail SE\u00c7ER<\/p>\n<p class=\"p1\">Do\u00e7. Dr. Murat YILDIRIM<\/p>\n<p class=\"p1\">Dr. \u00d6\u011fr. \u00dcyesi Fuat KARABULUT<\/p>\n<p class=\"p1\">Dr. \u00d6\u011fr. \u00dcyesi Abdullah DA\u011eCI<\/p>\n<p class=\"p1\">Dr. \u00d6\u011fr. \u00dcyesi N. Yasemin ANGIN<\/p>\n<p class=\"p1\">Ar\u015f. G\u00f6r. Dr. M. Enes VURAL<\/p>\n<p class=\"p1\">Ar\u015f. G\u00f6r. Nurun Nisa BAYRAM<\/p>\n<p class=\"p1\">Murat \u00c7\u0130N\u0130C\u0130<\/p>\n<p>Atat\u00fcrk \u00dcniversitesi Yay\u0131nlar\u0131 No: 1287<\/p>\n<p>ISBN : 978-625-7086-43-1<\/p>\n<p>Yay\u0131n Yeri ve Y\u0131l\u0131: Erzurum, 2021<\/p>\n<p>Sayfa Say\u0131s\u0131: 172<\/p>\n<p><a class=\"vc_btn3 vc_btn3-shape-default btn btn-borders btn-md btn-dark\" href=\"https:\/\/ekitap.atauni.edu.tr\/index.php\/kovid-19-ve-dini-basa-cikma-yalnizlik-umutsuzluk-hayatin-anlami-ve-kader-algisi-uygulamali-calisma\/\" target=\"_blank\" rel=\"noopener noreferrer\">Kitab\u0131 Oku<\/a><\/p>\n<div class=\"vc_btn3-container vc_btn3-inline\" style=\"border: 2px solid #0f0e4f; padding: 5px;\">Okuma Say\u0131s\u0131Array <img src='https:\/\/ekitap.atauni.edu.tr\/wp-content\/plugins\/dp-post-views\/images\/eyes.png' class='dppv_eyes' width='100' height='100'> 2928<\/div>\n","protected":false},"featured_media":3920,"template":"","meta":[],"product_brand":[],"product_cat":[94],"product_tag":[],"class_list":{"0":"post-3733","1":"product","2":"type-product","3":"status-publish","4":"has-post-thumbnail","6":"product_cat-4-sosyal-bilimler","8":"first","9":"instock","10":"shipping-taxable","11":"product-type-simple"},"_links":{"self":[{"href":"https:\/\/ekitap.atauni.edu.tr\/index.php\/wp-json\/wp\/v2\/product\/3733","targetHints":{"allow":["GET"]}}],"collection":[{"href":"https:\/\/ekitap.atauni.edu.tr\/index.php\/wp-json\/wp\/v2\/product"}],"about":[{"href":"https:\/\/ekitap.atauni.edu.tr\/index.php\/wp-json\/wp\/v2\/types\/product"}],"wp:featuredmedia":[{"embeddable":true,"href":"https:\/\/ekitap.atauni.edu.tr\/index.php\/wp-json\/wp\/v2\/media\/3920"}],"wp:attachment":[{"href":"https:\/\/ekitap.atauni.edu.tr\/index.php\/wp-json\/wp\/v2\/media?parent=3733"}],"wp:term":[{"taxonomy":"product_brand","embeddable":true,"href":"https:\/\/ekitap.atauni.edu.tr\/index.php\/wp-json\/wp\/v2\/product_brand?post=3733"},{"taxonomy":"product_cat","embeddable":true,"href":"https:\/\/ekitap.atauni.edu.tr\/index.php\/wp-json\/wp\/v2\/product_cat?post=3733"},{"taxonomy":"product_tag","embeddable":true,"href":"https:\/\/ekitap.atauni.edu.tr\/index.php\/wp-json\/wp\/v2\/product_tag?post=3733"}],"curies":[{"name":"wp","href":"https:\/\/api.w.org\/{rel}","templated":true}]}}