{"id":3465,"date":"2021-08-04T15:30:54","date_gmt":"2021-08-04T12:30:54","guid":{"rendered":"https:\/\/ekitap.atauni.edu.tr\/?post_type=product&#038;p=3465"},"modified":"2022-02-14T17:44:20","modified_gmt":"2022-02-14T14:44:20","slug":"klasik-turk-edebiyatindan-bir-kirkambar-mecmuai-musammat","status":"publish","type":"product","link":"https:\/\/ekitap.atauni.edu.tr\/index.php\/product\/klasik-turk-edebiyatindan-bir-kirkambar-mecmuai-musammat\/","title":{"rendered":"Klasik Tu\u0308rk Edebiyat\u0131ndan Bir K\u0131rkambar: Mecmu\u0302\u02bba-i Musammat"},"content":{"rendered":"<p>[vc_row][vc_column][\/vc_column][\/vc_row]<\/p>\n <img src='https:\/\/ekitap.atauni.edu.tr\/wp-content\/plugins\/dp-post-views\/images\/eyes.png' class='dppv_eyes' width='100' height='100'> 2589","protected":false},"excerpt":{"rendered":"<p><em><strong>Yazarlar:<\/strong><\/em><\/p>\n<p>Prof. Dr. Yunus KAPLAN, Ar\u015f. G\u00f6r. Zahide EFE<\/p>\n<p><em><strong>Atat\u00fcrk \u00dcniversitesi Yay\u0131nlar\u0131 No:<\/strong><\/em> 1275<\/p>\n<p><em><strong>ISBN<\/strong>:<\/em> 978-625-7086-32-5<\/p>\n<p><strong><em>Yay\u0131n Yeri ve Y\u0131l\u0131:\u00a0<\/em><\/strong>Erzurum, 2021<\/p>\n<p><em><strong>Sayfa Say\u0131s\u0131:<\/strong><\/em> 337<\/p>\n<p><a class=\"vc_btn3 vc_btn3-shape-default btn btn-borders btn-md btn-dark\" href=\"https:\/\/ekitap.atauni.edu.tr\/index.php\/klasik-turk-edebiyatindan-bir-kirkambar-mecmuai-musammat-2\/\" target=\"_blank\" rel=\"noopener noreferrer\">Kitab\u0131 Oku<\/a><\/p>\n<div class=\"vc_btn3-container vc_btn3-inline\" style=\"border: 2px solid #0f0e4f; padding: 5px;\">Okuma Say\u0131s\u0131Array <img src='https:\/\/ekitap.atauni.edu.tr\/wp-content\/plugins\/dp-post-views\/images\/eyes.png' class='dppv_eyes' width='100' height='100'> 2589<\/div>\n<p>&nbsp;<\/p>\n","protected":false},"featured_media":3937,"template":"","meta":[],"product_brand":[],"product_cat":[94],"product_tag":[],"class_list":{"0":"post-3465","1":"product","2":"type-product","3":"status-publish","4":"has-post-thumbnail","6":"product_cat-4-sosyal-bilimler","8":"first","9":"outofstock","10":"shipping-taxable","11":"product-type-variable"},"_links":{"self":[{"href":"https:\/\/ekitap.atauni.edu.tr\/index.php\/wp-json\/wp\/v2\/product\/3465","targetHints":{"allow":["GET"]}}],"collection":[{"href":"https:\/\/ekitap.atauni.edu.tr\/index.php\/wp-json\/wp\/v2\/product"}],"about":[{"href":"https:\/\/ekitap.atauni.edu.tr\/index.php\/wp-json\/wp\/v2\/types\/product"}],"wp:featuredmedia":[{"embeddable":true,"href":"https:\/\/ekitap.atauni.edu.tr\/index.php\/wp-json\/wp\/v2\/media\/3937"}],"wp:attachment":[{"href":"https:\/\/ekitap.atauni.edu.tr\/index.php\/wp-json\/wp\/v2\/media?parent=3465"}],"wp:term":[{"taxonomy":"product_brand","embeddable":true,"href":"https:\/\/ekitap.atauni.edu.tr\/index.php\/wp-json\/wp\/v2\/product_brand?post=3465"},{"taxonomy":"product_cat","embeddable":true,"href":"https:\/\/ekitap.atauni.edu.tr\/index.php\/wp-json\/wp\/v2\/product_cat?post=3465"},{"taxonomy":"product_tag","embeddable":true,"href":"https:\/\/ekitap.atauni.edu.tr\/index.php\/wp-json\/wp\/v2\/product_tag?post=3465"}],"curies":[{"name":"wp","href":"https:\/\/api.w.org\/{rel}","templated":true}]}}