{"id":3390,"date":"2021-06-11T18:35:26","date_gmt":"2021-06-11T15:35:26","guid":{"rendered":"https:\/\/ekitap.atauni.edu.tr\/?post_type=product&#038;p=3390"},"modified":"2022-02-14T18:29:23","modified_gmt":"2022-02-14T15:29:23","slug":"dijital-okur-yazarlik","status":"publish","type":"product","link":"https:\/\/ekitap.atauni.edu.tr\/index.php\/product\/dijital-okur-yazarlik\/","title":{"rendered":"Dijital Okur Yazarl\u0131k"},"content":{"rendered":"<p>[vc_row][vc_column][\/vc_column][\/vc_row]<\/p>\n <img src='https:\/\/ekitap.atauni.edu.tr\/wp-content\/plugins\/dp-post-views\/images\/eyes.png' class='dppv_eyes' width='100' height='100'> 7318","protected":false},"excerpt":{"rendered":"<p><em><strong>Yazarlar:<\/strong><\/em><\/p>\n<p>Do\u00e7. Dr. G\u00fcrkan YILDIRIM, Dr. \u00d6\u011fr. \u00dcyesi Sinan KUL, Dr. \u00d6\u011fr. \u00dcyesi G\u00fcler Erkal KARAMAN, Nurbahar BORA, Dr. \u00d6\u011fr. \u00dcyesi Derya \u00c7akmak KARAPINAR, \u00d6\u011fr. G\u00f6r. Emrah \u015e\u0130M\u015eEK, Dr. \u00d6\u011fr. \u00dcyesi Ferhat BOZKURT, Do\u00e7. Dr. Mehmet Sinan BA\u015eAR, \u00d6\u011fr. G\u00f6r. Arif DA\u015e, Dr. \u00d6\u011fr. \u00dcyesi Embiya \u00c7EL\u0130K, Dr. \u00d6\u011fr. \u00dcyesi Asiye ATA, \u00d6\u011fr. G\u00f6r. Muhammed G\u00dcLER, \u00d6\u011fr. G\u00f6r. \u0130sa B\u0130NG\u00d6L, \u00d6\u011fr. G\u00f6r. \u0130smail KARA, Dr. \u00d6\u011fr. \u00dcyesi Mehmet Cem B\u00d6LEN, Dr. \u00d6\u011fr. G\u00f6r. Orhan \u00c7EL\u0130KER, Dr. \u00d6\u011fr. \u00dcyesi Bu\u011fra YILDIRIM, Dr. \u00d6\u011fr. \u00dcyesi Cengiz KILI\u00c7<\/p>\n<p><em><strong>Haz\u0131rlayan:<\/strong><\/em><\/p>\n<p>Do\u00e7. Dr. Serkan YILDIRIM<br \/>\nDr. \u00d6\u011fr \u00dcyesi Derya \u00c7AKMAK KARAPINAR<br \/>\nDr. \u00d6\u011fr. \u00dcyesi Levent BAYINDIR<\/p>\n<p>&nbsp;<\/p>\n<p><em><strong>Atat\u00fcrk \u00dcniversitesi Yay\u0131nlar\u0131 No: <\/strong><\/em>1268<\/p>\n<p><em><strong>ISBN<\/strong>:<\/em> 978-625-7086-22-6<\/p>\n<p><strong><em>Yay\u0131n Yeri ve Y\u0131l\u0131: <\/em><\/strong>Erzurum, 2021<\/p>\n<p><em><strong>Sayfa Say\u0131s\u0131:<\/strong><\/em> 213<\/p>\n<p><a class=\"vc_btn3 vc_btn3-shape-default btn btn-borders btn-md btn-dark\" href=\"https:\/\/ekitap.atauni.edu.tr\/index.php\/dijital-okur-yazarlik-2\/\" target=\"_blank\" rel=\"noopener noreferrer\">Kitab\u0131 Oku<\/a><\/p>\n<div class=\"vc_btn3-container vc_btn3-inline\" style=\"border: 2px solid #0f0e4f; padding: 5px;\">Okuma Say\u0131s\u0131Array <img src='https:\/\/ekitap.atauni.edu.tr\/wp-content\/plugins\/dp-post-views\/images\/eyes.png' class='dppv_eyes' width='100' height='100'> 7318<\/div>\n<p>&nbsp;<\/p>\n","protected":false},"featured_media":3944,"template":"","meta":[],"product_brand":[],"product_cat":[90],"product_tag":[],"class_list":{"0":"post-3390","1":"product","2":"type-product","3":"status-publish","4":"has-post-thumbnail","6":"product_cat-1-egitim","8":"first","9":"outofstock","10":"shipping-taxable","11":"product-type-variable"},"_links":{"self":[{"href":"https:\/\/ekitap.atauni.edu.tr\/index.php\/wp-json\/wp\/v2\/product\/3390","targetHints":{"allow":["GET"]}}],"collection":[{"href":"https:\/\/ekitap.atauni.edu.tr\/index.php\/wp-json\/wp\/v2\/product"}],"about":[{"href":"https:\/\/ekitap.atauni.edu.tr\/index.php\/wp-json\/wp\/v2\/types\/product"}],"wp:featuredmedia":[{"embeddable":true,"href":"https:\/\/ekitap.atauni.edu.tr\/index.php\/wp-json\/wp\/v2\/media\/3944"}],"wp:attachment":[{"href":"https:\/\/ekitap.atauni.edu.tr\/index.php\/wp-json\/wp\/v2\/media?parent=3390"}],"wp:term":[{"taxonomy":"product_brand","embeddable":true,"href":"https:\/\/ekitap.atauni.edu.tr\/index.php\/wp-json\/wp\/v2\/product_brand?post=3390"},{"taxonomy":"product_cat","embeddable":true,"href":"https:\/\/ekitap.atauni.edu.tr\/index.php\/wp-json\/wp\/v2\/product_cat?post=3390"},{"taxonomy":"product_tag","embeddable":true,"href":"https:\/\/ekitap.atauni.edu.tr\/index.php\/wp-json\/wp\/v2\/product_tag?post=3390"}],"curies":[{"name":"wp","href":"https:\/\/api.w.org\/{rel}","templated":true}]}}