{"id":3378,"date":"2021-03-23T17:26:55","date_gmt":"2021-03-23T14:26:55","guid":{"rendered":"https:\/\/ekitap.atauni.edu.tr\/?post_type=product&#038;p=3378"},"modified":"2022-02-14T18:30:03","modified_gmt":"2022-02-14T15:30:03","slug":"sultan-ahmed-celayir-kitabulevamiil-envar-yedinci-divan","status":"publish","type":"product","link":"https:\/\/ekitap.atauni.edu.tr\/index.php\/product\/sultan-ahmed-celayir-kitabulevamiil-envar-yedinci-divan\/","title":{"rendered":"Sultan Ahmed Cel\u00e2yir K\u0130T\u00c2BULEV\u00c2M\u0130\u2018I\u2019L-ENV\u00c2R (Yedinci Divan)"},"content":{"rendered":"<p>[vc_row][vc_column][\/vc_column][\/vc_row]<\/p>\n <img src='https:\/\/ekitap.atauni.edu.tr\/wp-content\/plugins\/dp-post-views\/images\/eyes.png' class='dppv_eyes' width='100' height='100'> 2203","protected":false},"excerpt":{"rendered":"<p><em><strong>Yazar:<\/strong><\/em><\/p>\n<p>Prof. Dr. Veyis DE\u011e\u0130RMEN\u00c7AY<\/p>\n<p>&nbsp;<\/p>\n<p><em><strong>Atat\u00fcrk \u00dcniversitesi Yay\u0131nlar\u0131 No: <\/strong><\/em>1264<\/p>\n<p><em><strong>ISBN<\/strong>:<\/em> 978-625-7086-19-6<\/p>\n<p><strong><em>Yay\u0131n Yeri ve Y\u0131l\u0131: <\/em><\/strong>Erzurum, 2021<\/p>\n<p><em><strong>Sayfa Say\u0131s\u0131:<\/strong><\/em> 136<\/p>\n<p><a class=\"vc_btn3 vc_btn3-shape-default btn btn-borders btn-md btn-dark\" href=\"https:\/\/ekitap.atauni.edu.tr\/index.php\/sultan-ahmed-celayir-kitabu-levamiil-envar-yedinci-divan\/\" target=\"_blank\" rel=\"noopener noreferrer\">Kitab\u0131 Oku<\/a><\/p>\n<div class=\"vc_btn3-container vc_btn3-inline\" style=\"border: 2px solid #0f0e4f; padding: 5px;\">Okuma Say\u0131s\u0131Array <img src='https:\/\/ekitap.atauni.edu.tr\/wp-content\/plugins\/dp-post-views\/images\/eyes.png' class='dppv_eyes' width='100' height='100'> 2203<\/div>\n<p>&nbsp;<\/p>\n","protected":false},"featured_media":3943,"template":"","meta":[],"product_brand":[],"product_cat":[94],"product_tag":[],"class_list":{"0":"post-3378","1":"product","2":"type-product","3":"status-publish","4":"has-post-thumbnail","6":"product_cat-4-sosyal-bilimler","8":"first","9":"outofstock","10":"shipping-taxable","11":"product-type-variable"},"_links":{"self":[{"href":"https:\/\/ekitap.atauni.edu.tr\/index.php\/wp-json\/wp\/v2\/product\/3378","targetHints":{"allow":["GET"]}}],"collection":[{"href":"https:\/\/ekitap.atauni.edu.tr\/index.php\/wp-json\/wp\/v2\/product"}],"about":[{"href":"https:\/\/ekitap.atauni.edu.tr\/index.php\/wp-json\/wp\/v2\/types\/product"}],"wp:featuredmedia":[{"embeddable":true,"href":"https:\/\/ekitap.atauni.edu.tr\/index.php\/wp-json\/wp\/v2\/media\/3943"}],"wp:attachment":[{"href":"https:\/\/ekitap.atauni.edu.tr\/index.php\/wp-json\/wp\/v2\/media?parent=3378"}],"wp:term":[{"taxonomy":"product_brand","embeddable":true,"href":"https:\/\/ekitap.atauni.edu.tr\/index.php\/wp-json\/wp\/v2\/product_brand?post=3378"},{"taxonomy":"product_cat","embeddable":true,"href":"https:\/\/ekitap.atauni.edu.tr\/index.php\/wp-json\/wp\/v2\/product_cat?post=3378"},{"taxonomy":"product_tag","embeddable":true,"href":"https:\/\/ekitap.atauni.edu.tr\/index.php\/wp-json\/wp\/v2\/product_tag?post=3378"}],"curies":[{"name":"wp","href":"https:\/\/api.w.org\/{rel}","templated":true}]}}