{"id":3204,"date":"2020-10-08T14:25:50","date_gmt":"2020-10-08T11:25:50","guid":{"rendered":"https:\/\/ekitap.atauni.edu.tr\/?post_type=product&#038;p=3204"},"modified":"2021-08-24T11:46:48","modified_gmt":"2021-08-24T08:46:48","slug":"atom-fizigi","status":"publish","type":"product","link":"https:\/\/ekitap.atauni.edu.tr\/index.php\/product\/atom-fizigi\/","title":{"rendered":"Atom Fizi\u011fi"},"content":{"rendered":"<p>[vc_row][vc_column][\/vc_column][\/vc_row]<\/p>\n <img src='https:\/\/ekitap.atauni.edu.tr\/wp-content\/plugins\/dp-post-views\/images\/eyes.png' class='dppv_eyes' width='100' height='100'> 7908","protected":false},"excerpt":{"rendered":"<p><em><strong>Yazarlar:<\/strong><\/em><\/p>\n<p>Prof. Dr. Yakup KURUCU<\/p>\n<p>Prof. Dr. Yusuf \u015eAH\u0130N<\/p>\n<p><em><strong>Atat\u00fcrk \u00dcniversitesi Yay\u0131nlar\u0131 No:<\/strong><\/em> 1259<\/p>\n<p><em><strong>ISBN<\/strong>:<\/em> 978-625-7086-16-5<\/p>\n<p><strong><em>Yay\u0131n Yeri ve Y\u0131l\u0131:\u00a0<\/em><\/strong>Erzurum, 2020<\/p>\n<p><em><strong>Sayfa Say\u0131s\u0131:<\/strong><\/em> 380<\/p>\n<p><a class=\"vc_btn3 vc_btn3-shape-default btn btn-borders btn-md btn-dark\" href=\"https:\/\/ekitap.atauni.edu.tr\/index.php\/atom-fizigi\/\" target=\"_blank\" rel=\"noopener noreferrer\">Kitab\u0131 Oku<\/a><\/p>\n<div class=\"vc_btn3-container vc_btn3-inline\" style=\"border: 2px solid #0f0e4f; padding: 5px;\">Okuma Say\u0131s\u0131Array <img src='https:\/\/ekitap.atauni.edu.tr\/wp-content\/plugins\/dp-post-views\/images\/eyes.png' class='dppv_eyes' width='100' height='100'> 7908<\/div>\n<p>&nbsp;<\/p>\n","protected":false},"featured_media":3525,"template":"","meta":[],"product_brand":[],"product_cat":[86],"product_tag":[],"class_list":{"0":"post-3204","1":"product","2":"type-product","3":"status-publish","4":"has-post-thumbnail","6":"product_cat-2-fen-ve-muhendislik","8":"first","9":"outofstock","10":"shipping-taxable","11":"product-type-variable"},"_links":{"self":[{"href":"https:\/\/ekitap.atauni.edu.tr\/index.php\/wp-json\/wp\/v2\/product\/3204","targetHints":{"allow":["GET"]}}],"collection":[{"href":"https:\/\/ekitap.atauni.edu.tr\/index.php\/wp-json\/wp\/v2\/product"}],"about":[{"href":"https:\/\/ekitap.atauni.edu.tr\/index.php\/wp-json\/wp\/v2\/types\/product"}],"wp:featuredmedia":[{"embeddable":true,"href":"https:\/\/ekitap.atauni.edu.tr\/index.php\/wp-json\/wp\/v2\/media\/3525"}],"wp:attachment":[{"href":"https:\/\/ekitap.atauni.edu.tr\/index.php\/wp-json\/wp\/v2\/media?parent=3204"}],"wp:term":[{"taxonomy":"product_brand","embeddable":true,"href":"https:\/\/ekitap.atauni.edu.tr\/index.php\/wp-json\/wp\/v2\/product_brand?post=3204"},{"taxonomy":"product_cat","embeddable":true,"href":"https:\/\/ekitap.atauni.edu.tr\/index.php\/wp-json\/wp\/v2\/product_cat?post=3204"},{"taxonomy":"product_tag","embeddable":true,"href":"https:\/\/ekitap.atauni.edu.tr\/index.php\/wp-json\/wp\/v2\/product_tag?post=3204"}],"curies":[{"name":"wp","href":"https:\/\/api.w.org\/{rel}","templated":true}]}}