{"id":3161,"date":"2020-07-23T09:04:34","date_gmt":"2020-07-23T06:04:34","guid":{"rendered":"https:\/\/ekitap.atauni.edu.tr\/?post_type=product&#038;p=3161"},"modified":"2021-08-24T15:44:44","modified_gmt":"2021-08-24T12:44:44","slug":"cumhuriyet-kentlerinin-semiyotigi-ataturk-evlerinin-turk-kolektif-bellegine-etkisi","status":"publish","type":"product","link":"https:\/\/ekitap.atauni.edu.tr\/index.php\/product\/cumhuriyet-kentlerinin-semiyotigi-ataturk-evlerinin-turk-kolektif-bellegine-etkisi\/","title":{"rendered":"Cumhuriyet Kentlerinin Semiyoti\u011fi: Atat\u00fcrk Evlerinin T\u00fcrk Kolektif Belle\u011fine Etkisi"},"content":{"rendered":"<p>[vc_row][vc_column][\/vc_column][\/vc_row]<\/p>\n <img src='https:\/\/ekitap.atauni.edu.tr\/wp-content\/plugins\/dp-post-views\/images\/eyes.png' class='dppv_eyes' width='100' height='100'> 1640","protected":false},"excerpt":{"rendered":"<p><em><strong>Yazar:<\/strong><\/em><\/p>\n<p>Ar\u015f. G\u00f6r. Kadir BENDA\u015e<\/p>\n<p><em><strong>Atat\u00fcrk \u00dcniversitesi Yay\u0131nlar\u0131 No:<\/strong><\/em> 1253<\/p>\n<p><em><strong>ISBN<\/strong>:<\/em> 978-625-7086-09-7<\/p>\n<p><strong><em>Yay\u0131n Yeri ve Y\u0131l\u0131:\u00a0<\/em><\/strong>Erzurum, 2020<\/p>\n<p><em><strong>Sayfa Say\u0131s\u0131:<\/strong><\/em> 130<\/p>\n<p><a class=\"vc_btn3 vc_btn3-shape-default btn btn-borders btn-md btn-dark\" href=\"https:\/\/ekitap.atauni.edu.tr\/index.php\/cumhuriyet-kentlerinin-semiyotigi-ataturk-evlerinin-turk-kolektif-bellegine-etkisi\/\" target=\"_blank\" rel=\"noopener noreferrer\">Kitab\u0131 Oku<\/a><\/p>\n<div class=\"vc_btn3-container vc_btn3-inline\" style=\"border: 2px solid #0f0e4f; padding: 5px;\">Okuma Say\u0131s\u0131Array <img src='https:\/\/ekitap.atauni.edu.tr\/wp-content\/plugins\/dp-post-views\/images\/eyes.png' class='dppv_eyes' width='100' height='100'> 1640<\/div>\n<p>&nbsp;<\/p>\n","protected":false},"featured_media":3549,"template":"","meta":[],"product_brand":[],"product_cat":[91],"product_tag":[],"class_list":{"0":"post-3161","1":"product","2":"type-product","3":"status-publish","4":"has-post-thumbnail","6":"product_cat-6-sehir-kulliyati","8":"first","9":"outofstock","10":"shipping-taxable","11":"product-type-variable"},"_links":{"self":[{"href":"https:\/\/ekitap.atauni.edu.tr\/index.php\/wp-json\/wp\/v2\/product\/3161","targetHints":{"allow":["GET"]}}],"collection":[{"href":"https:\/\/ekitap.atauni.edu.tr\/index.php\/wp-json\/wp\/v2\/product"}],"about":[{"href":"https:\/\/ekitap.atauni.edu.tr\/index.php\/wp-json\/wp\/v2\/types\/product"}],"wp:featuredmedia":[{"embeddable":true,"href":"https:\/\/ekitap.atauni.edu.tr\/index.php\/wp-json\/wp\/v2\/media\/3549"}],"wp:attachment":[{"href":"https:\/\/ekitap.atauni.edu.tr\/index.php\/wp-json\/wp\/v2\/media?parent=3161"}],"wp:term":[{"taxonomy":"product_brand","embeddable":true,"href":"https:\/\/ekitap.atauni.edu.tr\/index.php\/wp-json\/wp\/v2\/product_brand?post=3161"},{"taxonomy":"product_cat","embeddable":true,"href":"https:\/\/ekitap.atauni.edu.tr\/index.php\/wp-json\/wp\/v2\/product_cat?post=3161"},{"taxonomy":"product_tag","embeddable":true,"href":"https:\/\/ekitap.atauni.edu.tr\/index.php\/wp-json\/wp\/v2\/product_tag?post=3161"}],"curies":[{"name":"wp","href":"https:\/\/api.w.org\/{rel}","templated":true}]}}