{"id":3134,"date":"2020-07-21T10:02:21","date_gmt":"2020-07-21T07:02:21","guid":{"rendered":"https:\/\/ekitap.atauni.edu.tr\/?post_type=product&#038;p=3134"},"modified":"2021-08-24T20:58:43","modified_gmt":"2021-08-24T17:58:43","slug":"ekonomi-politik-perspektiften-hakkari-basin-tarih","status":"publish","type":"product","link":"https:\/\/ekitap.atauni.edu.tr\/index.php\/product\/ekonomi-politik-perspektiften-hakkari-basin-tarih\/","title":{"rendered":"Ekonomi Politik Perspektiften Hakk\u00e2ri Bas\u0131n Tarihi"},"content":{"rendered":"<p>[vc_row][vc_column][\/vc_column][\/vc_row]<\/p>\n <img src='https:\/\/ekitap.atauni.edu.tr\/wp-content\/plugins\/dp-post-views\/images\/eyes.png' class='dppv_eyes' width='100' height='100'> 2378","protected":false},"excerpt":{"rendered":"<p><em><strong>Yazar:<\/strong><\/em><\/p>\n<p>\u00d6\u011fr. G\u00f6r. Taner AYDO\u011eAN<\/p>\n<p><em><strong>Atat\u00fcrk \u00dcniversitesi Yay\u0131nlar\u0131 No:<\/strong><\/em> 1255<\/p>\n<p><em><strong>ISBN<\/strong>:<\/em> 978-625-7086-14-1<\/p>\n<p><strong><em>Yay\u0131n Yeri ve Y\u0131l\u0131:\u00a0<\/em><\/strong>Erzurum, 2020<\/p>\n<p><em><strong>Sayfa Say\u0131s\u0131:<\/strong><\/em> 208<\/p>\n<p><a class=\"vc_btn3 vc_btn3-shape-default btn btn-borders btn-md btn-dark\" href=\"https:\/\/ekitap.atauni.edu.tr\/index.php\/ekonomi-politik-perspektiften-hakkari-basin-tarihi-2\/\" target=\"_blank\" rel=\"noopener noreferrer\">Kitab\u0131 Oku<\/a><\/p>\n<div class=\"vc_btn3-container vc_btn3-inline\" style=\"border: 2px solid #0f0e4f; padding: 5px;\">Okuma Say\u0131s\u0131Array <img src='https:\/\/ekitap.atauni.edu.tr\/wp-content\/plugins\/dp-post-views\/images\/eyes.png' class='dppv_eyes' width='100' height='100'> 2378<\/div>\n<p>&nbsp;<\/p>\n","protected":false},"featured_media":3550,"template":"","meta":[],"product_brand":[],"product_cat":[91],"product_tag":[],"class_list":{"0":"post-3134","1":"product","2":"type-product","3":"status-publish","4":"has-post-thumbnail","6":"product_cat-6-sehir-kulliyati","8":"first","9":"outofstock","10":"shipping-taxable","11":"product-type-variable"},"_links":{"self":[{"href":"https:\/\/ekitap.atauni.edu.tr\/index.php\/wp-json\/wp\/v2\/product\/3134","targetHints":{"allow":["GET"]}}],"collection":[{"href":"https:\/\/ekitap.atauni.edu.tr\/index.php\/wp-json\/wp\/v2\/product"}],"about":[{"href":"https:\/\/ekitap.atauni.edu.tr\/index.php\/wp-json\/wp\/v2\/types\/product"}],"wp:featuredmedia":[{"embeddable":true,"href":"https:\/\/ekitap.atauni.edu.tr\/index.php\/wp-json\/wp\/v2\/media\/3550"}],"wp:attachment":[{"href":"https:\/\/ekitap.atauni.edu.tr\/index.php\/wp-json\/wp\/v2\/media?parent=3134"}],"wp:term":[{"taxonomy":"product_brand","embeddable":true,"href":"https:\/\/ekitap.atauni.edu.tr\/index.php\/wp-json\/wp\/v2\/product_brand?post=3134"},{"taxonomy":"product_cat","embeddable":true,"href":"https:\/\/ekitap.atauni.edu.tr\/index.php\/wp-json\/wp\/v2\/product_cat?post=3134"},{"taxonomy":"product_tag","embeddable":true,"href":"https:\/\/ekitap.atauni.edu.tr\/index.php\/wp-json\/wp\/v2\/product_tag?post=3134"}],"curies":[{"name":"wp","href":"https:\/\/api.w.org\/{rel}","templated":true}]}}