{"id":3082,"date":"2020-05-11T23:54:55","date_gmt":"2020-05-11T20:54:55","guid":{"rendered":"https:\/\/ekitap.atauni.edu.tr\/?post_type=product&#038;p=3082"},"modified":"2022-02-28T09:52:35","modified_gmt":"2022-02-28T06:52:35","slug":"turk-dili-ve-edebiyati-bilgi-soleni-sempozyumu-21-23-haziran-2019-bildiriler","status":"publish","type":"product","link":"https:\/\/ekitap.atauni.edu.tr\/index.php\/product\/turk-dili-ve-edebiyati-bilgi-soleni-sempozyumu-21-23-haziran-2019-bildiriler\/","title":{"rendered":"T\u00fcrk Dili ve Edebiyat\u0131 Bilgi \u015e\u00f6leni (21-23 Haziran 2019) Bildiriler"},"content":{"rendered":" <img src='https:\/\/ekitap.atauni.edu.tr\/wp-content\/plugins\/dp-post-views\/images\/eyes.png' class='dppv_eyes' width='100' height='100'> 3301","protected":false},"excerpt":{"rendered":"<p><em><strong>Edit\u00f6rler:<\/strong><\/em><\/p>\n<p>Prof. Dr. Lokman TURAN<\/p>\n<p>Do\u00e7. Dr. O\u011fuzhan SEV\u0130M<\/p>\n<p><em><strong>Atat\u00fcrk \u00dcniversitesi Yay\u0131nlar\u0131 No:<\/strong><\/em> 1236<\/p>\n<p><em><strong>ISBN: <\/strong><\/em>978-605-7638-44-1<\/p>\n<p><em><strong>Yay\u0131n Yeri ve Y\u0131l\u0131:<\/strong><\/em> Aral\u0131k, 2019<\/p>\n<p><em><strong>Sayfa Say\u0131s\u0131:<\/strong><\/em> 1061<\/p>\n<div class=\"vc_btn3-container vc_btn3-inline\"><a class=\"vc_btn3 vc_btn3-shape-default btn btn-borders btn-md btn-dark\" href=\"https:\/\/ekitap.atauni.edu.tr\/index.php\/turk-dili-ve-edebiyati-bilgi-soleni-sempozyumu-21-23-haziran-2019-bildiriler\/\">Kitab\u0131 Oku\u00a0<\/a><\/div>\n<div><\/div>\n<div>\n<div class=\"vc_btn3-container vc_btn3-inline\" style=\"border: 2px solid #0f0e4f; padding: 5px;\">Okuma Say\u0131s\u0131Array <img src='https:\/\/ekitap.atauni.edu.tr\/wp-content\/plugins\/dp-post-views\/images\/eyes.png' class='dppv_eyes' width='100' height='100'> 3301<\/div>\n<\/div>\n","protected":false},"featured_media":3532,"template":"","meta":[],"product_brand":[],"product_cat":[90],"product_tag":[],"class_list":{"0":"post-3082","1":"product","2":"type-product","3":"status-publish","4":"has-post-thumbnail","6":"product_cat-1-egitim","8":"first","9":"outofstock","10":"shipping-taxable","11":"product-type-simple"},"_links":{"self":[{"href":"https:\/\/ekitap.atauni.edu.tr\/index.php\/wp-json\/wp\/v2\/product\/3082","targetHints":{"allow":["GET"]}}],"collection":[{"href":"https:\/\/ekitap.atauni.edu.tr\/index.php\/wp-json\/wp\/v2\/product"}],"about":[{"href":"https:\/\/ekitap.atauni.edu.tr\/index.php\/wp-json\/wp\/v2\/types\/product"}],"wp:featuredmedia":[{"embeddable":true,"href":"https:\/\/ekitap.atauni.edu.tr\/index.php\/wp-json\/wp\/v2\/media\/3532"}],"wp:attachment":[{"href":"https:\/\/ekitap.atauni.edu.tr\/index.php\/wp-json\/wp\/v2\/media?parent=3082"}],"wp:term":[{"taxonomy":"product_brand","embeddable":true,"href":"https:\/\/ekitap.atauni.edu.tr\/index.php\/wp-json\/wp\/v2\/product_brand?post=3082"},{"taxonomy":"product_cat","embeddable":true,"href":"https:\/\/ekitap.atauni.edu.tr\/index.php\/wp-json\/wp\/v2\/product_cat?post=3082"},{"taxonomy":"product_tag","embeddable":true,"href":"https:\/\/ekitap.atauni.edu.tr\/index.php\/wp-json\/wp\/v2\/product_tag?post=3082"}],"curies":[{"name":"wp","href":"https:\/\/api.w.org\/{rel}","templated":true}]}}