{"id":3074,"date":"2020-07-22T13:39:42","date_gmt":"2020-07-22T10:39:42","guid":{"rendered":"https:\/\/ekitap.atauni.edu.tr\/?post_type=product&#038;p=3074"},"modified":"2021-08-24T15:47:11","modified_gmt":"2021-08-24T12:47:11","slug":"uzaktan-ogretimde-canli-ders-uygulama-ilkeleri-ve-ornekleri","status":"publish","type":"product","link":"https:\/\/ekitap.atauni.edu.tr\/index.php\/product\/uzaktan-ogretimde-canli-ders-uygulama-ilkeleri-ve-ornekleri\/","title":{"rendered":"Uzaktan \u00d6\u011fretimde Canl\u0131 Ders Uygulama \u0130lkeleri ve \u00d6rnekleri"},"content":{"rendered":" <img src='https:\/\/ekitap.atauni.edu.tr\/wp-content\/plugins\/dp-post-views\/images\/eyes.png' class='dppv_eyes' width='100' height='100'> 9412","protected":false},"excerpt":{"rendered":"<p><em><strong>Edit\u00f6rler:<\/strong><\/em><\/p>\n<p>Prof. Dr. Sel\u00e7uk KARAMAN<\/p>\n<p>Do\u00e7. Dr. Engin KUR\u015eUN<\/p>\n<p><em><strong>Atat\u00fcrk \u00dcniversitesi Yay\u0131nlar\u0131 No:<\/strong><\/em> 1245<\/p>\n<p><em><strong>ISBN:<\/strong><\/em> 978-625-7086-01-1<\/p>\n<p><em><strong>Yay\u0131n Yeri ve Y\u0131l\u0131:<\/strong><\/em> Erzurum, 2020<\/p>\n<p><em><strong>Sayfa Say\u0131s\u0131:<\/strong><\/em> 210<\/p>\n<div class=\"vc_btn3-container vc_btn3-inline\"><a class=\"vc_btn3 vc_btn3-shape-default btn btn-borders btn-md btn-dark\" href=\"https:\/\/ekitap.atauni.edu.tr\/index.php\/uzaktan-ogretimde-canli-ders-uygulama-ilkeleri-ve-ornekleri\/\"> Kitab\u0131 Oku <i class=\"fas fa-chevron-right\"><\/i><br \/>\n<\/a><\/div>\n<div class=\"vc_btn3-container vc_btn3-inline\"><a class=\"vc_btn3 vc_btn3-shape-default btn btn-borders btn-md btn-dark\" href=\"https:\/\/ekitap.atauni.edu.tr\/wp-content\/uploads\/2020\/05\/Uzaktan-\u00d6\u011fretimde-Canl\u0131-Ders-Uygulama-\u0130lkeleri-ve-\u00d6rnekleri.pdf\" target=\"_blank\" rel=\"noopener noreferrer\">Kitab\u0131 \u0130ndir (.pdf)<\/a><\/div>\n<p><a class=\"vc_btn3 vc_btn3-shape-default btn btn-borders btn-md btn-dark\" href=\"https:\/\/ekitap.atauni.edu.tr\/wp-content\/uploads\/2020\/05\/Uzaktan-\u00d6\u011fretimde-Canl\u0131-Ders-Uygulama-\u0130lkeleri-ve-\u00d6rnekleri.epub\" target=\"_blank\" rel=\"noopener noreferrer\">Kitab\u0131 \u0130ndir (.epub)<\/a><\/p>\n<div class=\"vc_btn3-container vc_btn3-inline\" style=\"border: 2px solid #0f0e4f; padding: 5px;\">Okuma Say\u0131s\u0131Array <img src='https:\/\/ekitap.atauni.edu.tr\/wp-content\/plugins\/dp-post-views\/images\/eyes.png' class='dppv_eyes' width='100' height='100'> 9412<\/div>\n","protected":false},"featured_media":3529,"template":"","meta":[],"product_brand":[],"product_cat":[90],"product_tag":[],"class_list":{"0":"post-3074","1":"product","2":"type-product","3":"status-publish","4":"has-post-thumbnail","6":"product_cat-1-egitim","8":"first","9":"outofstock","10":"featured","11":"shipping-taxable","12":"product-type-variable"},"_links":{"self":[{"href":"https:\/\/ekitap.atauni.edu.tr\/index.php\/wp-json\/wp\/v2\/product\/3074","targetHints":{"allow":["GET"]}}],"collection":[{"href":"https:\/\/ekitap.atauni.edu.tr\/index.php\/wp-json\/wp\/v2\/product"}],"about":[{"href":"https:\/\/ekitap.atauni.edu.tr\/index.php\/wp-json\/wp\/v2\/types\/product"}],"wp:featuredmedia":[{"embeddable":true,"href":"https:\/\/ekitap.atauni.edu.tr\/index.php\/wp-json\/wp\/v2\/media\/3529"}],"wp:attachment":[{"href":"https:\/\/ekitap.atauni.edu.tr\/index.php\/wp-json\/wp\/v2\/media?parent=3074"}],"wp:term":[{"taxonomy":"product_brand","embeddable":true,"href":"https:\/\/ekitap.atauni.edu.tr\/index.php\/wp-json\/wp\/v2\/product_brand?post=3074"},{"taxonomy":"product_cat","embeddable":true,"href":"https:\/\/ekitap.atauni.edu.tr\/index.php\/wp-json\/wp\/v2\/product_cat?post=3074"},{"taxonomy":"product_tag","embeddable":true,"href":"https:\/\/ekitap.atauni.edu.tr\/index.php\/wp-json\/wp\/v2\/product_tag?post=3074"}],"curies":[{"name":"wp","href":"https:\/\/api.w.org\/{rel}","templated":true}]}}