{"id":3054,"date":"2020-03-11T10:30:55","date_gmt":"2020-03-11T07:30:55","guid":{"rendered":"https:\/\/ekitap.atauni.edu.tr\/?post_type=product&#038;p=3054"},"modified":"2021-08-24T21:06:11","modified_gmt":"2021-08-24T18:06:11","slug":"turkce-tweetlerin-analiz-edilebilmesi-icin-hadoop-hive-kullanan-melez-bir-sistemin-gelistirilmesi","status":"publish","type":"product","link":"https:\/\/ekitap.atauni.edu.tr\/index.php\/product\/turkce-tweetlerin-analiz-edilebilmesi-icin-hadoop-hive-kullanan-melez-bir-sistemin-gelistirilmesi\/","title":{"rendered":"T\u00fcrk\u00e7e Tweetlerin Analiz Edilebilmesi \u0130\u00e7in Hadoop\/Hive Kullanan Melez Bir Sistemin Geli\u015ftirilmesi"},"content":{"rendered":"<p>[vc_row][vc_column][\/vc_column][\/vc_row]<\/p>\n <img src='https:\/\/ekitap.atauni.edu.tr\/wp-content\/plugins\/dp-post-views\/images\/eyes.png' class='dppv_eyes' width='100' height='100'> 2152","protected":false},"excerpt":{"rendered":"<p><em><strong>Yazar: <\/strong><\/em>Dr. \u00d6\u011fr. \u00dcyesi Sinan KUL<\/p>\n<p><em><strong>Edit\u00f6r: <\/strong><\/em>Prof. Dr. \u00dcst\u00fcn \u00d6ZEN<\/p>\n<p><em><strong>Atat\u00fcrk \u00dcniversitesi Yay\u0131nlar\u0131 No:<\/strong><\/em> 1242<\/p>\n<p><em><strong>ISBN<\/strong>:<\/em> 978-605-7638-50-2<\/p>\n<p><a class=\"vc_btn3 vc_btn3-shape-default btn btn-borders btn-md btn-dark\" href=\"https:\/\/ekitap.atauni.edu.tr\/index.php\/turkce-tweetlerin-analiz-edilebilmesi-icin-hadoop-hive-kullanan-melez-bir-sistemin-gelistirilmesi\/\" target=\"_blank\" rel=\"noopener noreferrer\">Kitab\u0131 Oku<\/a><\/p>\n<div class=\"vc_btn3-container vc_btn3-inline\" style=\"border: 2px solid #0f0e4f; padding: 5px;\">Okuma Say\u0131s\u0131Array <img src='https:\/\/ekitap.atauni.edu.tr\/wp-content\/plugins\/dp-post-views\/images\/eyes.png' class='dppv_eyes' width='100' height='100'> 2152<\/div>\n<p>&nbsp;<\/p>\n","protected":false},"featured_media":3531,"template":"","meta":[],"product_brand":[],"product_cat":[90],"product_tag":[],"class_list":{"0":"post-3054","1":"product","2":"type-product","3":"status-publish","4":"has-post-thumbnail","6":"product_cat-1-egitim","8":"first","9":"outofstock","10":"shipping-taxable","11":"product-type-variable"},"_links":{"self":[{"href":"https:\/\/ekitap.atauni.edu.tr\/index.php\/wp-json\/wp\/v2\/product\/3054","targetHints":{"allow":["GET"]}}],"collection":[{"href":"https:\/\/ekitap.atauni.edu.tr\/index.php\/wp-json\/wp\/v2\/product"}],"about":[{"href":"https:\/\/ekitap.atauni.edu.tr\/index.php\/wp-json\/wp\/v2\/types\/product"}],"wp:featuredmedia":[{"embeddable":true,"href":"https:\/\/ekitap.atauni.edu.tr\/index.php\/wp-json\/wp\/v2\/media\/3531"}],"wp:attachment":[{"href":"https:\/\/ekitap.atauni.edu.tr\/index.php\/wp-json\/wp\/v2\/media?parent=3054"}],"wp:term":[{"taxonomy":"product_brand","embeddable":true,"href":"https:\/\/ekitap.atauni.edu.tr\/index.php\/wp-json\/wp\/v2\/product_brand?post=3054"},{"taxonomy":"product_cat","embeddable":true,"href":"https:\/\/ekitap.atauni.edu.tr\/index.php\/wp-json\/wp\/v2\/product_cat?post=3054"},{"taxonomy":"product_tag","embeddable":true,"href":"https:\/\/ekitap.atauni.edu.tr\/index.php\/wp-json\/wp\/v2\/product_tag?post=3054"}],"curies":[{"name":"wp","href":"https:\/\/api.w.org\/{rel}","templated":true}]}}