{"id":2915,"date":"2020-02-03T09:28:39","date_gmt":"2020-02-03T06:28:39","guid":{"rendered":"http:\/\/ekitap.atauni.edu.tr\/?post_type=product&#038;p=2915"},"modified":"2021-08-24T21:08:48","modified_gmt":"2021-08-24T18:08:48","slug":"turkiyede-sinema-politikalari","status":"publish","type":"product","link":"https:\/\/ekitap.atauni.edu.tr\/index.php\/product\/turkiyede-sinema-politikalari\/","title":{"rendered":"T\u00fcrkiye&#8217;de Sinema Politikalar\u0131"},"content":{"rendered":" <img src='https:\/\/ekitap.atauni.edu.tr\/wp-content\/plugins\/dp-post-views\/images\/eyes.png' class='dppv_eyes' width='100' height='100'> 1655","protected":false},"excerpt":{"rendered":"<p><em><strong>Yazar:<\/strong><\/em> Dr. \u00d6\u011fr. \u00dcyesi. \u0130rfan HIDIRO\u011eLU<\/p>\n<p><em><strong>Atat\u00fcrk \u00dcniversitesi Yay\u0131nlar\u0131 No:<\/strong><\/em> 1234<\/p>\n<p><em><strong>ISBN:<\/strong><\/em> 978-605-7638-40-3<\/p>\n<p><em><strong>Yay\u0131n Yeri ve Y\u0131l\u0131:<\/strong><\/em> Erzurum, 2019<\/p>\n<p><em><strong>Sayfa Say\u0131s\u0131:<\/strong><\/em> 270<\/p>\n<div class=\"vc_btn3-container vc_btn3-inline\"><a class=\"vc_btn3 vc_btn3-shape-default btn btn-borders btn-md btn-dark\" href=\"http:\/\/ekitap.atauni.edu.tr\/index.php\/turkiyede-sinema-politikalari\/\"> Kitab\u0131 Oku <i class=\"fas fa-chevron-right\"><\/i><br \/>\n<\/a><\/div>\n<div class=\"vc_btn3-container vc_btn3-inline\" style=\"border: 2px solid #0f0e4f; padding: 5px;\">Okuma Say\u0131s\u0131Array <img src='https:\/\/ekitap.atauni.edu.tr\/wp-content\/plugins\/dp-post-views\/images\/eyes.png' class='dppv_eyes' width='100' height='100'> 1655<\/div>\n<p>&nbsp;<\/p>\n","protected":false},"featured_media":3534,"template":"","meta":[],"product_brand":[],"product_cat":[93],"product_tag":[],"class_list":{"0":"post-2915","1":"product","2":"type-product","3":"status-publish","4":"has-post-thumbnail","6":"product_cat-3-sanat","8":"first","9":"outofstock","10":"shipping-taxable","11":"product-type-variable"},"_links":{"self":[{"href":"https:\/\/ekitap.atauni.edu.tr\/index.php\/wp-json\/wp\/v2\/product\/2915","targetHints":{"allow":["GET"]}}],"collection":[{"href":"https:\/\/ekitap.atauni.edu.tr\/index.php\/wp-json\/wp\/v2\/product"}],"about":[{"href":"https:\/\/ekitap.atauni.edu.tr\/index.php\/wp-json\/wp\/v2\/types\/product"}],"wp:featuredmedia":[{"embeddable":true,"href":"https:\/\/ekitap.atauni.edu.tr\/index.php\/wp-json\/wp\/v2\/media\/3534"}],"wp:attachment":[{"href":"https:\/\/ekitap.atauni.edu.tr\/index.php\/wp-json\/wp\/v2\/media?parent=2915"}],"wp:term":[{"taxonomy":"product_brand","embeddable":true,"href":"https:\/\/ekitap.atauni.edu.tr\/index.php\/wp-json\/wp\/v2\/product_brand?post=2915"},{"taxonomy":"product_cat","embeddable":true,"href":"https:\/\/ekitap.atauni.edu.tr\/index.php\/wp-json\/wp\/v2\/product_cat?post=2915"},{"taxonomy":"product_tag","embeddable":true,"href":"https:\/\/ekitap.atauni.edu.tr\/index.php\/wp-json\/wp\/v2\/product_tag?post=2915"}],"curies":[{"name":"wp","href":"https:\/\/api.w.org\/{rel}","templated":true}]}}