{"id":2889,"date":"2020-01-29T14:29:49","date_gmt":"2020-01-29T11:29:49","guid":{"rendered":"http:\/\/ekitap.atauni.edu.tr\/?post_type=product&#038;p=2889"},"modified":"2021-08-24T21:10:12","modified_gmt":"2021-08-24T18:10:12","slug":"kariyer-planlamada-iskolizmin-etkisi-erzurum-ili-ornegi","status":"publish","type":"product","link":"https:\/\/ekitap.atauni.edu.tr\/index.php\/product\/kariyer-planlamada-iskolizmin-etkisi-erzurum-ili-ornegi\/","title":{"rendered":"Kariyer Planlamada \u0130\u015fkolizmin Etkisi (Erzurum \u0130li \u00d6rne\u011fi)"},"content":{"rendered":" <img src='https:\/\/ekitap.atauni.edu.tr\/wp-content\/plugins\/dp-post-views\/images\/eyes.png' class='dppv_eyes' width='100' height='100'> 2194","protected":false},"excerpt":{"rendered":"<p><em><strong>Yazar:<\/strong><\/em>\u00a0Yasemin AS\u0130LT\u00dcRK OKUTAN<\/p>\n<p><em><strong>Atat\u00fcrk \u00dcniversitesi Yay\u0131nlar\u0131 No:<\/strong><\/em>\u00a01232<\/p>\n<p><em><strong>ISBN:<\/strong><\/em>\u00a0978-605-7638-38-0<\/p>\n<p><em><strong>Yay\u0131n Yeri ve Y\u0131l\u0131:<\/strong><\/em>\u00a0Erzurum, 2019<\/p>\n<p><em><strong>Sayfa Say\u0131s\u0131:\u00a0<\/strong><\/em>81<\/p>\n<div class=\"vc_btn3-container vc_btn3-inline\"><a class=\"vc_btn3 vc_btn3-shape-default btn btn-borders btn-md btn-dark\" href=\"http:\/\/ekitap.atauni.edu.tr\/index.php\/kariyer-planlamada-iskolizmin-etkisi-erzurum-ili-ornegi\/\"> Kitab\u0131 Oku <i class=\"fas fa-chevron-right\"><\/i><br \/>\n<\/a><\/div>\n<div class=\"vc_btn3-container vc_btn3-inline\" style=\"border: 2px solid #0f0e4f; padding: 5px;\">Okuma Say\u0131s\u0131Array <img src='https:\/\/ekitap.atauni.edu.tr\/wp-content\/plugins\/dp-post-views\/images\/eyes.png' class='dppv_eyes' width='100' height='100'> 2194<\/div>\n<p>&nbsp;<\/p>\n","protected":false},"featured_media":3539,"template":"","meta":[],"product_brand":[],"product_cat":[94],"product_tag":[],"class_list":{"0":"post-2889","1":"product","2":"type-product","3":"status-publish","4":"has-post-thumbnail","6":"product_cat-4-sosyal-bilimler","8":"first","9":"outofstock","10":"shipping-taxable","11":"product-type-variable"},"_links":{"self":[{"href":"https:\/\/ekitap.atauni.edu.tr\/index.php\/wp-json\/wp\/v2\/product\/2889","targetHints":{"allow":["GET"]}}],"collection":[{"href":"https:\/\/ekitap.atauni.edu.tr\/index.php\/wp-json\/wp\/v2\/product"}],"about":[{"href":"https:\/\/ekitap.atauni.edu.tr\/index.php\/wp-json\/wp\/v2\/types\/product"}],"wp:featuredmedia":[{"embeddable":true,"href":"https:\/\/ekitap.atauni.edu.tr\/index.php\/wp-json\/wp\/v2\/media\/3539"}],"wp:attachment":[{"href":"https:\/\/ekitap.atauni.edu.tr\/index.php\/wp-json\/wp\/v2\/media?parent=2889"}],"wp:term":[{"taxonomy":"product_brand","embeddable":true,"href":"https:\/\/ekitap.atauni.edu.tr\/index.php\/wp-json\/wp\/v2\/product_brand?post=2889"},{"taxonomy":"product_cat","embeddable":true,"href":"https:\/\/ekitap.atauni.edu.tr\/index.php\/wp-json\/wp\/v2\/product_cat?post=2889"},{"taxonomy":"product_tag","embeddable":true,"href":"https:\/\/ekitap.atauni.edu.tr\/index.php\/wp-json\/wp\/v2\/product_tag?post=2889"}],"curies":[{"name":"wp","href":"https:\/\/api.w.org\/{rel}","templated":true}]}}