{"id":1252,"date":"2018-02-22T07:40:55","date_gmt":"2018-02-22T04:40:55","guid":{"rendered":"http:\/\/sw-themes.com\/porto_dummy\/?post_type=product&#038;p=1252"},"modified":"2021-08-24T21:10:57","modified_gmt":"2021-08-24T18:10:57","slug":"ziyaeddin-fahri-erzurum-sairleri","status":"publish","type":"product","link":"https:\/\/ekitap.atauni.edu.tr\/index.php\/product\/ziyaeddin-fahri-erzurum-sairleri\/","title":{"rendered":"Ziyaeddin Fahri Erzurum \u015eairleri"},"content":{"rendered":" <img src='https:\/\/ekitap.atauni.edu.tr\/wp-content\/plugins\/dp-post-views\/images\/eyes.png' class='dppv_eyes' width='100' height='100'> 1807","protected":false},"excerpt":{"rendered":"<p><em><strong>Latin Harflerine Aktaran ve Yay\u0131ma Haz\u0131rlayanlar:<\/strong><\/em><\/p>\n<p>Dr. Erdo\u011fan ERBAY<\/p>\n<p>Dr. Dilaver D\u00dcZG\u00dcN<\/p>\n<p><em><strong>Atat\u00fcrk \u00dcniversitesi Yay\u0131nlar\u0131 No:<\/strong><\/em> 1241<\/p>\n<p><em><strong>ISBN:<\/strong><\/em> 978-605-7638-49-6<\/p>\n<p><em><strong>Yay\u0131n Yeri ve Y\u0131l\u0131:<\/strong><\/em> Erzurum, 2019<\/p>\n<p><em><strong>Sayfa Say\u0131s\u0131: <\/strong><\/em>144<\/p>\n<div class=\"vc_btn3-container vc_btn3-inline\"><a class=\"vc_btn3 vc_btn3-shape-default btn btn-borders btn-md btn-dark\" href=\"http:\/\/ekitap.atauni.edu.tr\/index.php\/ziyaeddin-fahri-erzurum-sairleri\/\"> Kitab\u0131 Oku <i class=\"fas fa-chevron-right\"><\/i><br \/>\n<\/a><\/div>\n<div class=\"vc_btn3-container vc_btn3-inline\" style=\"border: 2px solid #0f0e4f; padding: 5px;\">Okuma Say\u0131s\u0131Array <img src='https:\/\/ekitap.atauni.edu.tr\/wp-content\/plugins\/dp-post-views\/images\/eyes.png' class='dppv_eyes' width='100' height='100'> 1807<\/div>\n<p>&nbsp;<\/p>\n<p>&nbsp;<\/p>\n","protected":false},"featured_media":3535,"template":"","meta":[],"product_brand":[],"product_cat":[93],"product_tag":[],"class_list":{"0":"post-1252","1":"product","2":"type-product","3":"status-publish","4":"has-post-thumbnail","6":"product_cat-3-sanat","8":"first","9":"outofstock","10":"shipping-taxable","11":"product-type-variable"},"_links":{"self":[{"href":"https:\/\/ekitap.atauni.edu.tr\/index.php\/wp-json\/wp\/v2\/product\/1252","targetHints":{"allow":["GET"]}}],"collection":[{"href":"https:\/\/ekitap.atauni.edu.tr\/index.php\/wp-json\/wp\/v2\/product"}],"about":[{"href":"https:\/\/ekitap.atauni.edu.tr\/index.php\/wp-json\/wp\/v2\/types\/product"}],"wp:featuredmedia":[{"embeddable":true,"href":"https:\/\/ekitap.atauni.edu.tr\/index.php\/wp-json\/wp\/v2\/media\/3535"}],"wp:attachment":[{"href":"https:\/\/ekitap.atauni.edu.tr\/index.php\/wp-json\/wp\/v2\/media?parent=1252"}],"wp:term":[{"taxonomy":"product_brand","embeddable":true,"href":"https:\/\/ekitap.atauni.edu.tr\/index.php\/wp-json\/wp\/v2\/product_brand?post=1252"},{"taxonomy":"product_cat","embeddable":true,"href":"https:\/\/ekitap.atauni.edu.tr\/index.php\/wp-json\/wp\/v2\/product_cat?post=1252"},{"taxonomy":"product_tag","embeddable":true,"href":"https:\/\/ekitap.atauni.edu.tr\/index.php\/wp-json\/wp\/v2\/product_tag?post=1252"}],"curies":[{"name":"wp","href":"https:\/\/api.w.org\/{rel}","templated":true}]}}